{"id":5382,"date":"2018-11-12T10:02:41","date_gmt":"2018-11-12T09:02:41","guid":{"rendered":"https:\/\/www.museumhogewoerd.nl\/?page_id=5382"},"modified":"2018-11-29T14:06:34","modified_gmt":"2018-11-29T13:06:34","slug":"museum-aus-der-vogelperspektive","status":"publish","type":"page","link":"https:\/\/www.museumhogewoerd.nl\/de\/ein-rundgang\/museum-aus-der-vogelperspektive\/","title":{"rendered":"Museum aus der Vogelperspektive"},"content":{"rendered":"<div class=\"wpb-content-wrapper\"><p>[vc_row margin_top=&#8220;-70px&#8220; margin_bottom=&#8220;-35px&#8220;][vc_column][vc_row_inner][vc_column_inner offset=&#8220;vc_hidden-xs&#8220;][layerslider_vc id=&#8220;3&#8243;][\/vc_column_inner][\/vc_row_inner][\/vc_column][\/vc_row][vc_row type=&#8220;1&#8243; margin_top=&#8220;-20px&#8220; padding_top=&#8220;50&#8243; padding_bottom=&#8220;50&#8243; el_class=&#8220;plattegrond&#8220;][vc_column][vc_row_inner][vc_column_inner width=&#8220;1\/2&#8243;][vc_column_text]<\/p>\n<h1>museuM aus der Vogelperspektive<\/h1>\n<p>[\/vc_column_text][\/vc_column_inner][vc_column_inner width=&#8220;1\/2&#8243;][vc_column_text]Das Museum Hoge Woerd ist ein einmaliges Erlebnis. Die Ausstellung umfasst das gesamte Castellum Hoge Woerd, einen zeitgen\u00f6ssischen Nachbau des r\u00f6mischen Forts, das einst hier stand. Fliegen Sie \u00fcber das Kastell und entdecken Sie die verschiedenen Bereiche des Museums.[\/vc_column_text][\/vc_column_inner][\/vc_row_inner][\/vc_column][\/vc_row][vc_row type=&#8220;2&#8243; padding_top=&#8220;50&#8243; padding_bottom=&#8220;50&#8243; anchor=&#8220;leesverder&#8220;][vc_column offset=&#8220;vc_hidden-lg vc_hidden-md vc_hidden-sm&#8220;][vc_row_inner][vc_column_inner][vc_column_text]<\/p>\n<h5><a href=\"https:\/\/www.museumhogewoerd.nl\/de\/ein-rundgang\/shiff-und-limes\/\">Shiff und Limes<\/a><\/h5>\n<p>[\/vc_column_text][vc_column_text]<\/p>\n<h5><a href=\"https:\/\/www.museumhogewoerd.nl\/de\/ein-rundgang\/3000-jahre-wohnen-und-arbeiten\/\">3000 Jahre wohnen und arbeiten<\/a><\/h5>\n<p>[\/vc_column_text][vc_column_text]<\/p>\n<h5><a href=\"https:\/\/www.museumhogewoerd.nl\/de\/ein-rundgang\/fenster-zum-fort\/\">Fenster zum Fort<\/a><\/h5>\n<p>[\/vc_column_text][vc_column_text]<\/p>\n<h5><a href=\"https:\/\/www.museumhogewoerd.nl\/de\/ein-rundgang\/mensch-und-tier\/\">Mensch und Tier<\/a><\/h5>\n<p>[\/vc_column_text][vc_column_text]<\/p>\n<h5><a href=\"https:\/\/www.museumhogewoerd.nl\/de\/ein-rundgang\/archeohotspot\/\">Archeohotspot<\/a><\/h5>\n<p>[\/vc_column_text][vc_column_text]<\/p>\n<h5><a href=\"https:\/\/www.museumhogewoerd.nl\/de\/ein-rundgang\/wachttuerme\/\">Wachtturm<\/a><\/h5>\n<p>[\/vc_column_text][vc_column_text]<\/p>\n<h5><a href=\"https:\/\/www.museumhogewoerd.nl\/de\/ein-rundgang\/badehaus\/\">Badehaus<\/a><\/h5>\n<p>[\/vc_column_text][vc_column_text]<\/p>\n<h5><a href=\"https:\/\/www.museumhogewoerd.nl\/de\/ein-rundgang\/visualisierung-der-vergangenheit\/\">Visualisierung der Vergangenheit<\/a><\/h5>\n<p>[\/vc_column_text][\/vc_column_inner][\/vc_row_inner][\/vc_column][\/vc_row]<\/p>\n<\/div>","protected":false},"excerpt":{"rendered":"<p>[vc_row margin_top=&#8220;-70px&#8220; margin_bottom=&#8220;-35px&#8220;][vc_column][vc_row_inner][vc_column_inner offset=&#8220;vc_hidden-xs&#8220;][layerslider_vc id=&#8220;3&#8243;][\/vc_column_inner][\/vc_row_inner][\/vc_column][\/vc_row][vc_row type=&#8220;1&#8243; margin_top=&#8220;-20px&#8220; padding_top=&#8220;50&#8243; padding_bottom=&#8220;50&#8243; el_class=&#8220;plattegrond&#8220;][vc_column][vc_row_inner][vc_column_inner width=&#8220;1\/2&#8243;][vc_column_text] museuM aus der Vogelperspektive [\/vc_column_text][\/vc_column_inner][vc_column_inner width=&#8220;1\/2&#8243;][vc_column_text]Das Museum Hoge Woerd ist ein einmaliges Erlebnis. Die Ausstellung umfasst das gesamte Castellum Hoge Woerd, einen zeitgen\u00f6ssischen Nachbau des r\u00f6mischen Forts, das einst hier stand. Fliegen Sie \u00fcber das Kastell und entdecken Sie die verschiedenen Bereiche des Museums.[\/vc_column_text][\/vc_column_inner][\/vc_row_inner][\/vc_column][\/vc_row][vc_row&hellip;<\/p>\n","protected":false},"author":6,"featured_media":0,"parent":5422,"menu_order":0,"comment_status":"closed","ping_status":"closed","template":"","meta":{"_acf_changed":false},"class_list":["post-5382","page","type-page","status-publish","hentry","description-off"],"acf":[],"yoast_head":"<!-- This site is optimized with the Yoast SEO plugin v27.3 - https:\/\/yoast.com\/product\/yoast-seo-wordpress\/ -->\n<title>Museum aus der Vogelperspektive - Museum Hoge Woerd<\/title>\n<meta name=\"robots\" content=\"index, follow, max-snippet:-1, max-image-preview:large, max-video-preview:-1\" \/>\n<link rel=\"canonical\" href=\"https:\/\/www.museumhogewoerd.nl\/de\/ein-rundgang\/museum-aus-der-vogelperspektive\/\" \/>\n<meta property=\"og:locale\" content=\"de_DE\" \/>\n<meta property=\"og:type\" content=\"article\" \/>\n<meta property=\"og:title\" content=\"Museum aus der Vogelperspektive - Museum Hoge Woerd\" \/>\n<meta property=\"og:description\" content=\"[vc_row margin_top=&#8220;-70px&#8220; margin_bottom=&#8220;-35px&#8220;][vc_column][vc_row_inner][vc_column_inner offset=&#8220;vc_hidden-xs&#8220;][layerslider_vc id=&#8220;3&#8243;][\/vc_column_inner][\/vc_row_inner][\/vc_column][\/vc_row][vc_row type=&#8220;1&#8243; margin_top=&#8220;-20px&#8220; padding_top=&#8220;50&#8243; padding_bottom=&#8220;50&#8243; el_class=&#8220;plattegrond&#8220;][vc_column][vc_row_inner][vc_column_inner width=&#8220;1\/2&#8243;][vc_column_text] museuM aus der Vogelperspektive [\/vc_column_text][\/vc_column_inner][vc_column_inner width=&#8220;1\/2&#8243;][vc_column_text]Das Museum Hoge Woerd ist ein einmaliges Erlebnis. Die Ausstellung umfasst das gesamte Castellum Hoge Woerd, einen zeitgen\u00f6ssischen Nachbau des r\u00f6mischen Forts, das einst hier stand. Fliegen Sie \u00fcber das Kastell und entdecken Sie die verschiedenen Bereiche des Museums.[\/vc_column_text][\/vc_column_inner][\/vc_row_inner][\/vc_column][\/vc_row][vc_row&hellip;\" \/>\n<meta property=\"og:url\" content=\"https:\/\/www.museumhogewoerd.nl\/de\/ein-rundgang\/museum-aus-der-vogelperspektive\/\" \/>\n<meta property=\"og:site_name\" content=\"Museum Hoge Woerd\" \/>\n<meta property=\"article:modified_time\" content=\"2018-11-29T13:06:34+00:00\" \/>\n<meta name=\"twitter:card\" content=\"summary_large_image\" \/>\n<meta name=\"twitter:label1\" content=\"Gesch\u00e4tzte Lesezeit\" \/>\n\t<meta name=\"twitter:data1\" content=\"1\u00a0Minute\" \/>\n<script type=\"application\/ld+json\" class=\"yoast-schema-graph\">{\"@context\":\"https:\\\/\\\/schema.org\",\"@graph\":[{\"@type\":\"WebPage\",\"@id\":\"https:\\\/\\\/www.museumhogewoerd.nl\\\/de\\\/ein-rundgang\\\/museum-aus-der-vogelperspektive\\\/\",\"url\":\"https:\\\/\\\/www.museumhogewoerd.nl\\\/de\\\/ein-rundgang\\\/museum-aus-der-vogelperspektive\\\/\",\"name\":\"Museum aus der Vogelperspektive - Museum Hoge Woerd\",\"isPartOf\":{\"@id\":\"https:\\\/\\\/www.museumhogewoerd.nl\\\/de\\\/#website\"},\"datePublished\":\"2018-11-12T09:02:41+00:00\",\"dateModified\":\"2018-11-29T13:06:34+00:00\",\"breadcrumb\":{\"@id\":\"https:\\\/\\\/www.museumhogewoerd.nl\\\/de\\\/ein-rundgang\\\/museum-aus-der-vogelperspektive\\\/#breadcrumb\"},\"inLanguage\":\"de\",\"potentialAction\":[{\"@type\":\"ReadAction\",\"target\":[\"https:\\\/\\\/www.museumhogewoerd.nl\\\/de\\\/ein-rundgang\\\/museum-aus-der-vogelperspektive\\\/\"]}]},{\"@type\":\"BreadcrumbList\",\"@id\":\"https:\\\/\\\/www.museumhogewoerd.nl\\\/de\\\/ein-rundgang\\\/museum-aus-der-vogelperspektive\\\/#breadcrumb\",\"itemListElement\":[{\"@type\":\"ListItem\",\"position\":1,\"name\":\"Home\",\"item\":\"https:\\\/\\\/www.museumhogewoerd.nl\\\/de\\\/\"},{\"@type\":\"ListItem\",\"position\":2,\"name\":\"Ein Rundgang\",\"item\":\"https:\\\/\\\/www.museumhogewoerd.nl\\\/de\\\/ein-rundgang\\\/\"},{\"@type\":\"ListItem\",\"position\":3,\"name\":\"Museum aus der Vogelperspektive\"}]},{\"@type\":\"WebSite\",\"@id\":\"https:\\\/\\\/www.museumhogewoerd.nl\\\/de\\\/#website\",\"url\":\"https:\\\/\\\/www.museumhogewoerd.nl\\\/de\\\/\",\"name\":\"Museum Hoge Woerd\",\"description\":\"Ontdek het pronkstuk het Romeinse schip De Meern 1\",\"potentialAction\":[{\"@type\":\"SearchAction\",\"target\":{\"@type\":\"EntryPoint\",\"urlTemplate\":\"https:\\\/\\\/www.museumhogewoerd.nl\\\/de\\\/?s={search_term_string}\"},\"query-input\":{\"@type\":\"PropertyValueSpecification\",\"valueRequired\":true,\"valueName\":\"search_term_string\"}}],\"inLanguage\":\"de\"}]}<\/script>\n<!-- \/ Yoast SEO plugin. -->","yoast_head_json":{"title":"Museum aus der Vogelperspektive - Museum Hoge Woerd","robots":{"index":"index","follow":"follow","max-snippet":"max-snippet:-1","max-image-preview":"max-image-preview:large","max-video-preview":"max-video-preview:-1"},"canonical":"https:\/\/www.museumhogewoerd.nl\/de\/ein-rundgang\/museum-aus-der-vogelperspektive\/","og_locale":"de_DE","og_type":"article","og_title":"Museum aus der Vogelperspektive - Museum Hoge Woerd","og_description":"[vc_row margin_top=&#8220;-70px&#8220; margin_bottom=&#8220;-35px&#8220;][vc_column][vc_row_inner][vc_column_inner offset=&#8220;vc_hidden-xs&#8220;][layerslider_vc id=&#8220;3&#8243;][\/vc_column_inner][\/vc_row_inner][\/vc_column][\/vc_row][vc_row type=&#8220;1&#8243; margin_top=&#8220;-20px&#8220; padding_top=&#8220;50&#8243; padding_bottom=&#8220;50&#8243; el_class=&#8220;plattegrond&#8220;][vc_column][vc_row_inner][vc_column_inner width=&#8220;1\/2&#8243;][vc_column_text] museuM aus der Vogelperspektive [\/vc_column_text][\/vc_column_inner][vc_column_inner width=&#8220;1\/2&#8243;][vc_column_text]Das Museum Hoge Woerd ist ein einmaliges Erlebnis. Die Ausstellung umfasst das gesamte Castellum Hoge Woerd, einen zeitgen\u00f6ssischen Nachbau des r\u00f6mischen Forts, das einst hier stand. Fliegen Sie \u00fcber das Kastell und entdecken Sie die verschiedenen Bereiche des Museums.[\/vc_column_text][\/vc_column_inner][\/vc_row_inner][\/vc_column][\/vc_row][vc_row&hellip;","og_url":"https:\/\/www.museumhogewoerd.nl\/de\/ein-rundgang\/museum-aus-der-vogelperspektive\/","og_site_name":"Museum Hoge Woerd","article_modified_time":"2018-11-29T13:06:34+00:00","twitter_card":"summary_large_image","twitter_misc":{"Gesch\u00e4tzte Lesezeit":"1\u00a0Minute"},"schema":{"@context":"https:\/\/schema.org","@graph":[{"@type":"WebPage","@id":"https:\/\/www.museumhogewoerd.nl\/de\/ein-rundgang\/museum-aus-der-vogelperspektive\/","url":"https:\/\/www.museumhogewoerd.nl\/de\/ein-rundgang\/museum-aus-der-vogelperspektive\/","name":"Museum aus der Vogelperspektive - Museum Hoge Woerd","isPartOf":{"@id":"https:\/\/www.museumhogewoerd.nl\/de\/#website"},"datePublished":"2018-11-12T09:02:41+00:00","dateModified":"2018-11-29T13:06:34+00:00","breadcrumb":{"@id":"https:\/\/www.museumhogewoerd.nl\/de\/ein-rundgang\/museum-aus-der-vogelperspektive\/#breadcrumb"},"inLanguage":"de","potentialAction":[{"@type":"ReadAction","target":["https:\/\/www.museumhogewoerd.nl\/de\/ein-rundgang\/museum-aus-der-vogelperspektive\/"]}]},{"@type":"BreadcrumbList","@id":"https:\/\/www.museumhogewoerd.nl\/de\/ein-rundgang\/museum-aus-der-vogelperspektive\/#breadcrumb","itemListElement":[{"@type":"ListItem","position":1,"name":"Home","item":"https:\/\/www.museumhogewoerd.nl\/de\/"},{"@type":"ListItem","position":2,"name":"Ein Rundgang","item":"https:\/\/www.museumhogewoerd.nl\/de\/ein-rundgang\/"},{"@type":"ListItem","position":3,"name":"Museum aus der Vogelperspektive"}]},{"@type":"WebSite","@id":"https:\/\/www.museumhogewoerd.nl\/de\/#website","url":"https:\/\/www.museumhogewoerd.nl\/de\/","name":"Museum Hoge Woerd","description":"Ontdek het pronkstuk het Romeinse schip De Meern 1","potentialAction":[{"@type":"SearchAction","target":{"@type":"EntryPoint","urlTemplate":"https:\/\/www.museumhogewoerd.nl\/de\/?s={search_term_string}"},"query-input":{"@type":"PropertyValueSpecification","valueRequired":true,"valueName":"search_term_string"}}],"inLanguage":"de"}]}},"publishpress_future_workflow_manual_trigger":{"enabledWorkflows":[]},"_links":{"self":[{"href":"https:\/\/www.museumhogewoerd.nl\/de\/wp-json\/wp\/v2\/pages\/5382","targetHints":{"allow":["GET"]}}],"collection":[{"href":"https:\/\/www.museumhogewoerd.nl\/de\/wp-json\/wp\/v2\/pages"}],"about":[{"href":"https:\/\/www.museumhogewoerd.nl\/de\/wp-json\/wp\/v2\/types\/page"}],"author":[{"embeddable":true,"href":"https:\/\/www.museumhogewoerd.nl\/de\/wp-json\/wp\/v2\/users\/6"}],"replies":[{"embeddable":true,"href":"https:\/\/www.museumhogewoerd.nl\/de\/wp-json\/wp\/v2\/comments?post=5382"}],"version-history":[{"count":0,"href":"https:\/\/www.museumhogewoerd.nl\/de\/wp-json\/wp\/v2\/pages\/5382\/revisions"}],"up":[{"embeddable":true,"href":"https:\/\/www.museumhogewoerd.nl\/de\/wp-json\/wp\/v2\/pages\/5422"}],"wp:attachment":[{"href":"https:\/\/www.museumhogewoerd.nl\/de\/wp-json\/wp\/v2\/media?parent=5382"}],"curies":[{"name":"wp","href":"https:\/\/api.w.org\/{rel}","templated":true}]}}