{"id":5392,"date":"2018-11-12T10:08:31","date_gmt":"2018-11-12T09:08:31","guid":{"rendered":"https:\/\/www.museumhogewoerd.nl\/?page_id=5392"},"modified":"2018-11-12T14:49:49","modified_gmt":"2018-11-12T13:49:49","slug":"mensch-und-tier","status":"publish","type":"page","link":"https:\/\/www.museumhogewoerd.nl\/de\/ein-rundgang\/mensch-und-tier\/","title":{"rendered":"Mensch und Tier"},"content":{"rendered":"<div class=\"wpb-content-wrapper\"><p>[vc_row type=&#8220;1&#8243; margin_top=&#8220;-50px&#8220; padding_top=&#8220;50&#8243; padding_bottom=&#8220;50&#8243;][vc_column][vc_row_inner][vc_column_inner width=&#8220;1\/2&#8243;][vc_column_text]<\/p>\n<h1>Mensch und Tier<\/h1>\n<p>[\/vc_column_text][\/vc_column_inner][vc_column_inner width=&#8220;1\/2&#8243;][vc_column_text]Eine Zeitmaschine \u00fcber ein ewiges Thema[\/vc_column_text][\/vc_column_inner][\/vc_row_inner][\/vc_column][\/vc_row][vc_row type=&#8220;2&#8243; padding_top=&#8220;50&#8243; padding_bottom=&#8220;50&#8243;][vc_column width=&#8220;1\/2&#8243;][vc_column_text]F\u00fcr diesen Bereich ist das Museum in den St\u00e4llen von Steede Hoge Woerd zu Gast. Mitten zwischen dem Gro\u00dfvieh und den kleinen Haustieren steht eine eindrucksvolle Installation, mit der man das Verh\u00e4ltnis Mensch-Tier von der Vorgeschichte bis heute erforscht. Tiere konnten der beste Freund oder der schlimmste Feind des Menschen sein. Die Menschen gaben ihren Status h\u00e4ufig durch die Tiere zu erkennen, mit denen sie sich umgaben. Und nat\u00fcrlich waren Tiere \u00fcber die Jahrhunderte hinweg auch Fleisch-, Wolle-, Leder-, Milch- und Eierproduzenten.[\/vc_column_text][\/vc_column][vc_column width=&#8220;1\/2&#8243;][vc_column_text]In diesem Bereich stehen f\u00fcnf Themen im Mittelpunkt: Tiere als Lieferanten von Nahrungsmitteln und Rohstoffen, als Hilfskraft und Instrument, als Verursacher von Seuchen und anderem Unheil, als Freund des Menschen oder Statussymbol und Tiere im Aberglauben und in der Magie. In dieser interaktiven Installation werden wirklich alle Aspekte in einer Reihe \u00fcberraschender Animationen behandelt. Diese Datenbank zu Mensch und Tier beruht zu einem gro\u00dfen Teil auf Funden aus Leidsche Rijn.[\/vc_column_text][\/vc_column][\/vc_row]<\/p>\n<\/div>","protected":false},"excerpt":{"rendered":"<p>[vc_row type=&#8220;1&#8243; margin_top=&#8220;-50px&#8220; padding_top=&#8220;50&#8243; padding_bottom=&#8220;50&#8243;][vc_column][vc_row_inner][vc_column_inner width=&#8220;1\/2&#8243;][vc_column_text] Mensch und Tier [\/vc_column_text][\/vc_column_inner][vc_column_inner width=&#8220;1\/2&#8243;][vc_column_text]Eine Zeitmaschine \u00fcber ein ewiges Thema[\/vc_column_text][\/vc_column_inner][\/vc_row_inner][\/vc_column][\/vc_row][vc_row type=&#8220;2&#8243; padding_top=&#8220;50&#8243; padding_bottom=&#8220;50&#8243;][vc_column width=&#8220;1\/2&#8243;][vc_column_text]F\u00fcr diesen Bereich ist das Museum in den St\u00e4llen von Steede Hoge Woerd zu Gast. Mitten zwischen dem Gro\u00dfvieh und den kleinen Haustieren steht eine eindrucksvolle Installation, mit der man das Verh\u00e4ltnis Mensch-Tier von der Vorgeschichte&hellip;<\/p>\n","protected":false},"author":6,"featured_media":5024,"parent":5422,"menu_order":4,"comment_status":"closed","ping_status":"closed","template":"","meta":{"_acf_changed":false},"class_list":["post-5392","page","type-page","status-publish","has-post-thumbnail","hentry","description-off"],"acf":[],"yoast_head":"<!-- This site is optimized with the Yoast SEO plugin v27.4 - https:\/\/yoast.com\/product\/yoast-seo-wordpress\/ -->\n<title>Mensch und Tier - Museum Hoge Woerd<\/title>\n<meta name=\"robots\" content=\"index, follow, max-snippet:-1, max-image-preview:large, max-video-preview:-1\" \/>\n<link rel=\"canonical\" href=\"https:\/\/www.museumhogewoerd.nl\/de\/ein-rundgang\/mensch-und-tier\/\" \/>\n<meta property=\"og:locale\" content=\"de_DE\" \/>\n<meta property=\"og:type\" content=\"article\" \/>\n<meta property=\"og:title\" content=\"Mensch und Tier - Museum Hoge Woerd\" \/>\n<meta property=\"og:description\" content=\"[vc_row type=&#8220;1&#8243; margin_top=&#8220;-50px&#8220; padding_top=&#8220;50&#8243; padding_bottom=&#8220;50&#8243;][vc_column][vc_row_inner][vc_column_inner width=&#8220;1\/2&#8243;][vc_column_text] Mensch und Tier [\/vc_column_text][\/vc_column_inner][vc_column_inner width=&#8220;1\/2&#8243;][vc_column_text]Eine Zeitmaschine \u00fcber ein ewiges Thema[\/vc_column_text][\/vc_column_inner][\/vc_row_inner][\/vc_column][\/vc_row][vc_row type=&#8220;2&#8243; padding_top=&#8220;50&#8243; padding_bottom=&#8220;50&#8243;][vc_column width=&#8220;1\/2&#8243;][vc_column_text]F\u00fcr diesen Bereich ist das Museum in den St\u00e4llen von Steede Hoge Woerd zu Gast. Mitten zwischen dem Gro\u00dfvieh und den kleinen Haustieren steht eine eindrucksvolle Installation, mit der man das Verh\u00e4ltnis Mensch-Tier von der Vorgeschichte&hellip;\" \/>\n<meta property=\"og:url\" content=\"https:\/\/www.museumhogewoerd.nl\/de\/ein-rundgang\/mensch-und-tier\/\" \/>\n<meta property=\"og:site_name\" content=\"Museum Hoge Woerd\" \/>\n<meta property=\"article:modified_time\" content=\"2018-11-12T13:49:49+00:00\" \/>\n<meta property=\"og:image\" content=\"https:\/\/www.museumhogewoerd.nl\/wp-content\/uploads\/2016\/06\/MG_4722.jpg\" \/>\n\t<meta property=\"og:image:width\" content=\"1200\" \/>\n\t<meta property=\"og:image:height\" content=\"800\" \/>\n\t<meta property=\"og:image:type\" content=\"image\/jpeg\" \/>\n<meta name=\"twitter:card\" content=\"summary_large_image\" \/>\n<meta name=\"twitter:label1\" content=\"Gesch\u00e4tzte Lesezeit\" \/>\n\t<meta name=\"twitter:data1\" content=\"1\u00a0Minute\" \/>\n<script type=\"application\/ld+json\" class=\"yoast-schema-graph\">{\"@context\":\"https:\\\/\\\/schema.org\",\"@graph\":[{\"@type\":\"WebPage\",\"@id\":\"https:\\\/\\\/www.museumhogewoerd.nl\\\/de\\\/ein-rundgang\\\/mensch-und-tier\\\/\",\"url\":\"https:\\\/\\\/www.museumhogewoerd.nl\\\/de\\\/ein-rundgang\\\/mensch-und-tier\\\/\",\"name\":\"Mensch und Tier - Museum Hoge Woerd\",\"isPartOf\":{\"@id\":\"https:\\\/\\\/www.museumhogewoerd.nl\\\/de\\\/#website\"},\"primaryImageOfPage\":{\"@id\":\"https:\\\/\\\/www.museumhogewoerd.nl\\\/de\\\/ein-rundgang\\\/mensch-und-tier\\\/#primaryimage\"},\"image\":{\"@id\":\"https:\\\/\\\/www.museumhogewoerd.nl\\\/de\\\/ein-rundgang\\\/mensch-und-tier\\\/#primaryimage\"},\"thumbnailUrl\":\"https:\\\/\\\/www.museumhogewoerd.nl\\\/wp-content\\\/uploads\\\/2016\\\/06\\\/MG_4722.jpg\",\"datePublished\":\"2018-11-12T09:08:31+00:00\",\"dateModified\":\"2018-11-12T13:49:49+00:00\",\"breadcrumb\":{\"@id\":\"https:\\\/\\\/www.museumhogewoerd.nl\\\/de\\\/ein-rundgang\\\/mensch-und-tier\\\/#breadcrumb\"},\"inLanguage\":\"de\",\"potentialAction\":[{\"@type\":\"ReadAction\",\"target\":[\"https:\\\/\\\/www.museumhogewoerd.nl\\\/de\\\/ein-rundgang\\\/mensch-und-tier\\\/\"]}]},{\"@type\":\"ImageObject\",\"inLanguage\":\"de\",\"@id\":\"https:\\\/\\\/www.museumhogewoerd.nl\\\/de\\\/ein-rundgang\\\/mensch-und-tier\\\/#primaryimage\",\"url\":\"https:\\\/\\\/www.museumhogewoerd.nl\\\/wp-content\\\/uploads\\\/2016\\\/06\\\/MG_4722.jpg\",\"contentUrl\":\"https:\\\/\\\/www.museumhogewoerd.nl\\\/wp-content\\\/uploads\\\/2016\\\/06\\\/MG_4722.jpg\",\"width\":1200,\"height\":800},{\"@type\":\"BreadcrumbList\",\"@id\":\"https:\\\/\\\/www.museumhogewoerd.nl\\\/de\\\/ein-rundgang\\\/mensch-und-tier\\\/#breadcrumb\",\"itemListElement\":[{\"@type\":\"ListItem\",\"position\":1,\"name\":\"Home\",\"item\":\"https:\\\/\\\/www.museumhogewoerd.nl\\\/de\\\/\"},{\"@type\":\"ListItem\",\"position\":2,\"name\":\"Ein Rundgang\",\"item\":\"https:\\\/\\\/www.museumhogewoerd.nl\\\/de\\\/ein-rundgang\\\/\"},{\"@type\":\"ListItem\",\"position\":3,\"name\":\"Mensch und Tier\"}]},{\"@type\":\"WebSite\",\"@id\":\"https:\\\/\\\/www.museumhogewoerd.nl\\\/de\\\/#website\",\"url\":\"https:\\\/\\\/www.museumhogewoerd.nl\\\/de\\\/\",\"name\":\"Museum Hoge Woerd\",\"description\":\"Ontdek het pronkstuk het Romeinse schip De Meern 1\",\"potentialAction\":[{\"@type\":\"SearchAction\",\"target\":{\"@type\":\"EntryPoint\",\"urlTemplate\":\"https:\\\/\\\/www.museumhogewoerd.nl\\\/de\\\/?s={search_term_string}\"},\"query-input\":{\"@type\":\"PropertyValueSpecification\",\"valueRequired\":true,\"valueName\":\"search_term_string\"}}],\"inLanguage\":\"de\"}]}<\/script>\n<!-- \/ Yoast SEO plugin. -->","yoast_head_json":{"title":"Mensch und Tier - Museum Hoge Woerd","robots":{"index":"index","follow":"follow","max-snippet":"max-snippet:-1","max-image-preview":"max-image-preview:large","max-video-preview":"max-video-preview:-1"},"canonical":"https:\/\/www.museumhogewoerd.nl\/de\/ein-rundgang\/mensch-und-tier\/","og_locale":"de_DE","og_type":"article","og_title":"Mensch und Tier - Museum Hoge Woerd","og_description":"[vc_row type=&#8220;1&#8243; margin_top=&#8220;-50px&#8220; padding_top=&#8220;50&#8243; padding_bottom=&#8220;50&#8243;][vc_column][vc_row_inner][vc_column_inner width=&#8220;1\/2&#8243;][vc_column_text] Mensch und Tier [\/vc_column_text][\/vc_column_inner][vc_column_inner width=&#8220;1\/2&#8243;][vc_column_text]Eine Zeitmaschine \u00fcber ein ewiges Thema[\/vc_column_text][\/vc_column_inner][\/vc_row_inner][\/vc_column][\/vc_row][vc_row type=&#8220;2&#8243; padding_top=&#8220;50&#8243; padding_bottom=&#8220;50&#8243;][vc_column width=&#8220;1\/2&#8243;][vc_column_text]F\u00fcr diesen Bereich ist das Museum in den St\u00e4llen von Steede Hoge Woerd zu Gast. Mitten zwischen dem Gro\u00dfvieh und den kleinen Haustieren steht eine eindrucksvolle Installation, mit der man das Verh\u00e4ltnis Mensch-Tier von der Vorgeschichte&hellip;","og_url":"https:\/\/www.museumhogewoerd.nl\/de\/ein-rundgang\/mensch-und-tier\/","og_site_name":"Museum Hoge Woerd","article_modified_time":"2018-11-12T13:49:49+00:00","og_image":[{"width":1200,"height":800,"url":"https:\/\/www.museumhogewoerd.nl\/wp-content\/uploads\/2016\/06\/MG_4722.jpg","type":"image\/jpeg"}],"twitter_card":"summary_large_image","twitter_misc":{"Gesch\u00e4tzte Lesezeit":"1\u00a0Minute"},"schema":{"@context":"https:\/\/schema.org","@graph":[{"@type":"WebPage","@id":"https:\/\/www.museumhogewoerd.nl\/de\/ein-rundgang\/mensch-und-tier\/","url":"https:\/\/www.museumhogewoerd.nl\/de\/ein-rundgang\/mensch-und-tier\/","name":"Mensch und Tier - Museum Hoge Woerd","isPartOf":{"@id":"https:\/\/www.museumhogewoerd.nl\/de\/#website"},"primaryImageOfPage":{"@id":"https:\/\/www.museumhogewoerd.nl\/de\/ein-rundgang\/mensch-und-tier\/#primaryimage"},"image":{"@id":"https:\/\/www.museumhogewoerd.nl\/de\/ein-rundgang\/mensch-und-tier\/#primaryimage"},"thumbnailUrl":"https:\/\/www.museumhogewoerd.nl\/wp-content\/uploads\/2016\/06\/MG_4722.jpg","datePublished":"2018-11-12T09:08:31+00:00","dateModified":"2018-11-12T13:49:49+00:00","breadcrumb":{"@id":"https:\/\/www.museumhogewoerd.nl\/de\/ein-rundgang\/mensch-und-tier\/#breadcrumb"},"inLanguage":"de","potentialAction":[{"@type":"ReadAction","target":["https:\/\/www.museumhogewoerd.nl\/de\/ein-rundgang\/mensch-und-tier\/"]}]},{"@type":"ImageObject","inLanguage":"de","@id":"https:\/\/www.museumhogewoerd.nl\/de\/ein-rundgang\/mensch-und-tier\/#primaryimage","url":"https:\/\/www.museumhogewoerd.nl\/wp-content\/uploads\/2016\/06\/MG_4722.jpg","contentUrl":"https:\/\/www.museumhogewoerd.nl\/wp-content\/uploads\/2016\/06\/MG_4722.jpg","width":1200,"height":800},{"@type":"BreadcrumbList","@id":"https:\/\/www.museumhogewoerd.nl\/de\/ein-rundgang\/mensch-und-tier\/#breadcrumb","itemListElement":[{"@type":"ListItem","position":1,"name":"Home","item":"https:\/\/www.museumhogewoerd.nl\/de\/"},{"@type":"ListItem","position":2,"name":"Ein Rundgang","item":"https:\/\/www.museumhogewoerd.nl\/de\/ein-rundgang\/"},{"@type":"ListItem","position":3,"name":"Mensch und Tier"}]},{"@type":"WebSite","@id":"https:\/\/www.museumhogewoerd.nl\/de\/#website","url":"https:\/\/www.museumhogewoerd.nl\/de\/","name":"Museum Hoge Woerd","description":"Ontdek het pronkstuk het Romeinse schip De Meern 1","potentialAction":[{"@type":"SearchAction","target":{"@type":"EntryPoint","urlTemplate":"https:\/\/www.museumhogewoerd.nl\/de\/?s={search_term_string}"},"query-input":{"@type":"PropertyValueSpecification","valueRequired":true,"valueName":"search_term_string"}}],"inLanguage":"de"}]}},"publishpress_future_workflow_manual_trigger":{"enabledWorkflows":[]},"_links":{"self":[{"href":"https:\/\/www.museumhogewoerd.nl\/de\/wp-json\/wp\/v2\/pages\/5392","targetHints":{"allow":["GET"]}}],"collection":[{"href":"https:\/\/www.museumhogewoerd.nl\/de\/wp-json\/wp\/v2\/pages"}],"about":[{"href":"https:\/\/www.museumhogewoerd.nl\/de\/wp-json\/wp\/v2\/types\/page"}],"author":[{"embeddable":true,"href":"https:\/\/www.museumhogewoerd.nl\/de\/wp-json\/wp\/v2\/users\/6"}],"replies":[{"embeddable":true,"href":"https:\/\/www.museumhogewoerd.nl\/de\/wp-json\/wp\/v2\/comments?post=5392"}],"version-history":[{"count":0,"href":"https:\/\/www.museumhogewoerd.nl\/de\/wp-json\/wp\/v2\/pages\/5392\/revisions"}],"up":[{"embeddable":true,"href":"https:\/\/www.museumhogewoerd.nl\/de\/wp-json\/wp\/v2\/pages\/5422"}],"wp:featuredmedia":[{"embeddable":true,"href":"https:\/\/www.museumhogewoerd.nl\/de\/wp-json\/wp\/v2\/media\/5024"}],"wp:attachment":[{"href":"https:\/\/www.museumhogewoerd.nl\/de\/wp-json\/wp\/v2\/media?parent=5392"}],"curies":[{"name":"wp","href":"https:\/\/api.w.org\/{rel}","templated":true}]}}