{"id":5401,"date":"2018-11-12T10:22:30","date_gmt":"2018-11-12T09:22:30","guid":{"rendered":"https:\/\/www.museumhogewoerd.nl\/?page_id=5401"},"modified":"2021-12-09T15:38:07","modified_gmt":"2021-12-09T14:38:07","slug":"archeolab","status":"publish","type":"page","link":"https:\/\/www.museumhogewoerd.nl\/de\/ein-rundgang\/archeolab\/","title":{"rendered":"ArcheoLab"},"content":{"rendered":"<div class=\"wpb-content-wrapper\"><p>[vc_row type=&#8220;1&#8243; margin_top=&#8220;-50px&#8220; padding_top=&#8220;50&#8243; padding_bottom=&#8220;50&#8243;][vc_column][vc_row_inner][vc_column_inner width=&#8220;1\/2&#8243;][vc_column_text]<\/p>\n<h1>Archeohotspot<\/h1>\n<p>[\/vc_column_text][\/vc_column_inner][vc_column_inner width=&#8220;1\/2&#8243;][vc_column_text][\/vc_column_text][\/vc_column_inner][\/vc_row_inner][\/vc_column][\/vc_row][vc_row type=&#8220;2&#8243; padding_top=&#8220;50&#8243; padding_bottom=&#8220;50&#8243;][vc_column width=&#8220;1\/2&#8243;][vc_column_text]Am Ende der Ausstellung &#8222;3000 Jahre Leben und Arbeiten&#8220; k\u00f6nnen Sie sich selbst als Arch\u00e4ologe bet\u00e4tigen. In diesem Raum befindet sich der ArcheoLab. Hier wird Arch\u00e4ologie anhand echter Bodenfunde aus der Region Utrecht greifbar, und Sie k\u00f6nnen selbst an der arch\u00e4ologischen Untersuchung mitwirken! Machen Sie mit beim Sortieren und Zusammenpuzzeln von Keramik oder nehmen Sie Ihre eigenen Funde aus Ihrem Garten mit. Es stehen immer Freiwillige voller Begeisterung bereit, die Ausk\u00fcnfte und Erkl\u00e4rungen erteilen. Auch k\u00f6nnen sie Ihnen bei offiziellen Meldungen arch\u00e4ologischer Funde weiterhelfen.\u00a0Sie haben hier am Mittwoch, Freitag, Samstag und Sonntag von 12:00 bis 16:00 Uhr ungehinderten Zutritt.[\/vc_column_text][\/vc_column][vc_column width=&#8220;1\/2&#8243;][vc_column_text]Der ArcheoLab im Museum Hoge Woerd arbeitet eng mit Landschap Erfgoed Utrecht und dem AWN-Verband von Freiwilligen in der Arch\u00e4ologie zusammen. Selbst die \u00c4rmel aufkrempeln und freiwillig Arch\u00e4ologe im ArcheoLab werden? Dann schicken Sie eine Mail an: museum@castellumhogewoerd.nl.[\/vc_column_text][\/vc_column][\/vc_row]<\/p>\n<\/div>","protected":false},"excerpt":{"rendered":"<p>[vc_row type=&#8220;1&#8243; margin_top=&#8220;-50px&#8220; padding_top=&#8220;50&#8243; padding_bottom=&#8220;50&#8243;][vc_column][vc_row_inner][vc_column_inner width=&#8220;1\/2&#8243;][vc_column_text] Archeohotspot [\/vc_column_text][\/vc_column_inner][vc_column_inner width=&#8220;1\/2&#8243;][vc_column_text][\/vc_column_text][\/vc_column_inner][\/vc_row_inner][\/vc_column][\/vc_row][vc_row type=&#8220;2&#8243; padding_top=&#8220;50&#8243; padding_bottom=&#8220;50&#8243;][vc_column width=&#8220;1\/2&#8243;][vc_column_text]Am Ende der Ausstellung &#8222;3000 Jahre Leben und Arbeiten&#8220; k\u00f6nnen Sie sich selbst als Arch\u00e4ologe bet\u00e4tigen. In diesem Raum befindet sich der ArcheoLab. Hier wird Arch\u00e4ologie anhand echter Bodenfunde aus der Region Utrecht greifbar, und Sie k\u00f6nnen selbst an der arch\u00e4ologischen Untersuchung mitwirken!&hellip;<\/p>\n","protected":false},"author":6,"featured_media":5108,"parent":5422,"menu_order":5,"comment_status":"closed","ping_status":"closed","template":"","meta":{"_acf_changed":false},"class_list":["post-5401","page","type-page","status-publish","has-post-thumbnail","hentry","description-off"],"acf":[],"yoast_head":"<!-- This site is optimized with the Yoast SEO plugin v27.5 - https:\/\/yoast.com\/product\/yoast-seo-wordpress\/ -->\n<title>ArcheoLab - Museum Hoge Woerd<\/title>\n<meta name=\"robots\" content=\"index, follow, max-snippet:-1, max-image-preview:large, max-video-preview:-1\" \/>\n<link rel=\"canonical\" href=\"https:\/\/www.museumhogewoerd.nl\/de\/ein-rundgang\/archeolab\/\" \/>\n<meta property=\"og:locale\" content=\"de_DE\" \/>\n<meta property=\"og:type\" content=\"article\" \/>\n<meta property=\"og:title\" content=\"ArcheoLab - Museum Hoge Woerd\" \/>\n<meta property=\"og:description\" content=\"[vc_row type=&#8220;1&#8243; margin_top=&#8220;-50px&#8220; padding_top=&#8220;50&#8243; padding_bottom=&#8220;50&#8243;][vc_column][vc_row_inner][vc_column_inner width=&#8220;1\/2&#8243;][vc_column_text] Archeohotspot [\/vc_column_text][\/vc_column_inner][vc_column_inner width=&#8220;1\/2&#8243;][vc_column_text][\/vc_column_text][\/vc_column_inner][\/vc_row_inner][\/vc_column][\/vc_row][vc_row type=&#8220;2&#8243; padding_top=&#8220;50&#8243; padding_bottom=&#8220;50&#8243;][vc_column width=&#8220;1\/2&#8243;][vc_column_text]Am Ende der Ausstellung &#8222;3000 Jahre Leben und Arbeiten&#8220; k\u00f6nnen Sie sich selbst als Arch\u00e4ologe bet\u00e4tigen. In diesem Raum befindet sich der ArcheoLab. Hier wird Arch\u00e4ologie anhand echter Bodenfunde aus der Region Utrecht greifbar, und Sie k\u00f6nnen selbst an der arch\u00e4ologischen Untersuchung mitwirken!&hellip;\" \/>\n<meta property=\"og:url\" content=\"https:\/\/www.museumhogewoerd.nl\/de\/ein-rundgang\/archeolab\/\" \/>\n<meta property=\"og:site_name\" content=\"Museum Hoge Woerd\" \/>\n<meta property=\"article:modified_time\" content=\"2021-12-09T14:38:07+00:00\" \/>\n<meta property=\"og:image\" content=\"https:\/\/www.museumhogewoerd.nl\/wp-content\/uploads\/2016\/09\/Archeohotspot.jpg\" \/>\n\t<meta property=\"og:image:width\" content=\"1200\" \/>\n\t<meta property=\"og:image:height\" content=\"800\" \/>\n\t<meta property=\"og:image:type\" content=\"image\/jpeg\" \/>\n<meta name=\"twitter:card\" content=\"summary_large_image\" \/>\n<meta name=\"twitter:label1\" content=\"Gesch\u00e4tzte Lesezeit\" \/>\n\t<meta name=\"twitter:data1\" content=\"1\u00a0Minute\" \/>\n<script type=\"application\/ld+json\" class=\"yoast-schema-graph\">{\"@context\":\"https:\\\/\\\/schema.org\",\"@graph\":[{\"@type\":\"WebPage\",\"@id\":\"https:\\\/\\\/www.museumhogewoerd.nl\\\/de\\\/ein-rundgang\\\/archeolab\\\/\",\"url\":\"https:\\\/\\\/www.museumhogewoerd.nl\\\/de\\\/ein-rundgang\\\/archeolab\\\/\",\"name\":\"ArcheoLab - Museum Hoge Woerd\",\"isPartOf\":{\"@id\":\"https:\\\/\\\/www.museumhogewoerd.nl\\\/de\\\/#website\"},\"primaryImageOfPage\":{\"@id\":\"https:\\\/\\\/www.museumhogewoerd.nl\\\/de\\\/ein-rundgang\\\/archeolab\\\/#primaryimage\"},\"image\":{\"@id\":\"https:\\\/\\\/www.museumhogewoerd.nl\\\/de\\\/ein-rundgang\\\/archeolab\\\/#primaryimage\"},\"thumbnailUrl\":\"https:\\\/\\\/www.museumhogewoerd.nl\\\/wp-content\\\/uploads\\\/2016\\\/09\\\/Archeohotspot.jpg\",\"datePublished\":\"2018-11-12T09:22:30+00:00\",\"dateModified\":\"2021-12-09T14:38:07+00:00\",\"breadcrumb\":{\"@id\":\"https:\\\/\\\/www.museumhogewoerd.nl\\\/de\\\/ein-rundgang\\\/archeolab\\\/#breadcrumb\"},\"inLanguage\":\"de\",\"potentialAction\":[{\"@type\":\"ReadAction\",\"target\":[\"https:\\\/\\\/www.museumhogewoerd.nl\\\/de\\\/ein-rundgang\\\/archeolab\\\/\"]}]},{\"@type\":\"ImageObject\",\"inLanguage\":\"de\",\"@id\":\"https:\\\/\\\/www.museumhogewoerd.nl\\\/de\\\/ein-rundgang\\\/archeolab\\\/#primaryimage\",\"url\":\"https:\\\/\\\/www.museumhogewoerd.nl\\\/wp-content\\\/uploads\\\/2016\\\/09\\\/Archeohotspot.jpg\",\"contentUrl\":\"https:\\\/\\\/www.museumhogewoerd.nl\\\/wp-content\\\/uploads\\\/2016\\\/09\\\/Archeohotspot.jpg\",\"width\":1200,\"height\":800},{\"@type\":\"BreadcrumbList\",\"@id\":\"https:\\\/\\\/www.museumhogewoerd.nl\\\/de\\\/ein-rundgang\\\/archeolab\\\/#breadcrumb\",\"itemListElement\":[{\"@type\":\"ListItem\",\"position\":1,\"name\":\"Home\",\"item\":\"https:\\\/\\\/www.museumhogewoerd.nl\\\/de\\\/\"},{\"@type\":\"ListItem\",\"position\":2,\"name\":\"Ein Rundgang\",\"item\":\"https:\\\/\\\/www.museumhogewoerd.nl\\\/de\\\/ein-rundgang\\\/\"},{\"@type\":\"ListItem\",\"position\":3,\"name\":\"ArcheoLab\"}]},{\"@type\":\"WebSite\",\"@id\":\"https:\\\/\\\/www.museumhogewoerd.nl\\\/de\\\/#website\",\"url\":\"https:\\\/\\\/www.museumhogewoerd.nl\\\/de\\\/\",\"name\":\"Museum Hoge Woerd\",\"description\":\"Ontdek het pronkstuk het Romeinse schip De Meern 1\",\"potentialAction\":[{\"@type\":\"SearchAction\",\"target\":{\"@type\":\"EntryPoint\",\"urlTemplate\":\"https:\\\/\\\/www.museumhogewoerd.nl\\\/de\\\/?s={search_term_string}\"},\"query-input\":{\"@type\":\"PropertyValueSpecification\",\"valueRequired\":true,\"valueName\":\"search_term_string\"}}],\"inLanguage\":\"de\"}]}<\/script>\n<!-- \/ Yoast SEO plugin. -->","yoast_head_json":{"title":"ArcheoLab - Museum Hoge Woerd","robots":{"index":"index","follow":"follow","max-snippet":"max-snippet:-1","max-image-preview":"max-image-preview:large","max-video-preview":"max-video-preview:-1"},"canonical":"https:\/\/www.museumhogewoerd.nl\/de\/ein-rundgang\/archeolab\/","og_locale":"de_DE","og_type":"article","og_title":"ArcheoLab - Museum Hoge Woerd","og_description":"[vc_row type=&#8220;1&#8243; margin_top=&#8220;-50px&#8220; padding_top=&#8220;50&#8243; padding_bottom=&#8220;50&#8243;][vc_column][vc_row_inner][vc_column_inner width=&#8220;1\/2&#8243;][vc_column_text] Archeohotspot [\/vc_column_text][\/vc_column_inner][vc_column_inner width=&#8220;1\/2&#8243;][vc_column_text][\/vc_column_text][\/vc_column_inner][\/vc_row_inner][\/vc_column][\/vc_row][vc_row type=&#8220;2&#8243; padding_top=&#8220;50&#8243; padding_bottom=&#8220;50&#8243;][vc_column width=&#8220;1\/2&#8243;][vc_column_text]Am Ende der Ausstellung &#8222;3000 Jahre Leben und Arbeiten&#8220; k\u00f6nnen Sie sich selbst als Arch\u00e4ologe bet\u00e4tigen. In diesem Raum befindet sich der ArcheoLab. Hier wird Arch\u00e4ologie anhand echter Bodenfunde aus der Region Utrecht greifbar, und Sie k\u00f6nnen selbst an der arch\u00e4ologischen Untersuchung mitwirken!&hellip;","og_url":"https:\/\/www.museumhogewoerd.nl\/de\/ein-rundgang\/archeolab\/","og_site_name":"Museum Hoge Woerd","article_modified_time":"2021-12-09T14:38:07+00:00","og_image":[{"width":1200,"height":800,"url":"https:\/\/www.museumhogewoerd.nl\/wp-content\/uploads\/2016\/09\/Archeohotspot.jpg","type":"image\/jpeg"}],"twitter_card":"summary_large_image","twitter_misc":{"Gesch\u00e4tzte Lesezeit":"1\u00a0Minute"},"schema":{"@context":"https:\/\/schema.org","@graph":[{"@type":"WebPage","@id":"https:\/\/www.museumhogewoerd.nl\/de\/ein-rundgang\/archeolab\/","url":"https:\/\/www.museumhogewoerd.nl\/de\/ein-rundgang\/archeolab\/","name":"ArcheoLab - Museum Hoge Woerd","isPartOf":{"@id":"https:\/\/www.museumhogewoerd.nl\/de\/#website"},"primaryImageOfPage":{"@id":"https:\/\/www.museumhogewoerd.nl\/de\/ein-rundgang\/archeolab\/#primaryimage"},"image":{"@id":"https:\/\/www.museumhogewoerd.nl\/de\/ein-rundgang\/archeolab\/#primaryimage"},"thumbnailUrl":"https:\/\/www.museumhogewoerd.nl\/wp-content\/uploads\/2016\/09\/Archeohotspot.jpg","datePublished":"2018-11-12T09:22:30+00:00","dateModified":"2021-12-09T14:38:07+00:00","breadcrumb":{"@id":"https:\/\/www.museumhogewoerd.nl\/de\/ein-rundgang\/archeolab\/#breadcrumb"},"inLanguage":"de","potentialAction":[{"@type":"ReadAction","target":["https:\/\/www.museumhogewoerd.nl\/de\/ein-rundgang\/archeolab\/"]}]},{"@type":"ImageObject","inLanguage":"de","@id":"https:\/\/www.museumhogewoerd.nl\/de\/ein-rundgang\/archeolab\/#primaryimage","url":"https:\/\/www.museumhogewoerd.nl\/wp-content\/uploads\/2016\/09\/Archeohotspot.jpg","contentUrl":"https:\/\/www.museumhogewoerd.nl\/wp-content\/uploads\/2016\/09\/Archeohotspot.jpg","width":1200,"height":800},{"@type":"BreadcrumbList","@id":"https:\/\/www.museumhogewoerd.nl\/de\/ein-rundgang\/archeolab\/#breadcrumb","itemListElement":[{"@type":"ListItem","position":1,"name":"Home","item":"https:\/\/www.museumhogewoerd.nl\/de\/"},{"@type":"ListItem","position":2,"name":"Ein Rundgang","item":"https:\/\/www.museumhogewoerd.nl\/de\/ein-rundgang\/"},{"@type":"ListItem","position":3,"name":"ArcheoLab"}]},{"@type":"WebSite","@id":"https:\/\/www.museumhogewoerd.nl\/de\/#website","url":"https:\/\/www.museumhogewoerd.nl\/de\/","name":"Museum Hoge Woerd","description":"Ontdek het pronkstuk het Romeinse schip De Meern 1","potentialAction":[{"@type":"SearchAction","target":{"@type":"EntryPoint","urlTemplate":"https:\/\/www.museumhogewoerd.nl\/de\/?s={search_term_string}"},"query-input":{"@type":"PropertyValueSpecification","valueRequired":true,"valueName":"search_term_string"}}],"inLanguage":"de"}]}},"publishpress_future_workflow_manual_trigger":{"enabledWorkflows":[]},"_links":{"self":[{"href":"https:\/\/www.museumhogewoerd.nl\/de\/wp-json\/wp\/v2\/pages\/5401","targetHints":{"allow":["GET"]}}],"collection":[{"href":"https:\/\/www.museumhogewoerd.nl\/de\/wp-json\/wp\/v2\/pages"}],"about":[{"href":"https:\/\/www.museumhogewoerd.nl\/de\/wp-json\/wp\/v2\/types\/page"}],"author":[{"embeddable":true,"href":"https:\/\/www.museumhogewoerd.nl\/de\/wp-json\/wp\/v2\/users\/6"}],"replies":[{"embeddable":true,"href":"https:\/\/www.museumhogewoerd.nl\/de\/wp-json\/wp\/v2\/comments?post=5401"}],"version-history":[{"count":0,"href":"https:\/\/www.museumhogewoerd.nl\/de\/wp-json\/wp\/v2\/pages\/5401\/revisions"}],"up":[{"embeddable":true,"href":"https:\/\/www.museumhogewoerd.nl\/de\/wp-json\/wp\/v2\/pages\/5422"}],"wp:featuredmedia":[{"embeddable":true,"href":"https:\/\/www.museumhogewoerd.nl\/de\/wp-json\/wp\/v2\/media\/5108"}],"wp:attachment":[{"href":"https:\/\/www.museumhogewoerd.nl\/de\/wp-json\/wp\/v2\/media?parent=5401"}],"curies":[{"name":"wp","href":"https:\/\/api.w.org\/{rel}","templated":true}]}}