{"id":5410,"date":"2018-11-12T10:26:11","date_gmt":"2018-11-12T09:26:11","guid":{"rendered":"https:\/\/www.museumhogewoerd.nl\/?page_id=5410"},"modified":"2018-11-12T10:33:01","modified_gmt":"2018-11-12T09:33:01","slug":"visualisierung-der-vergangenheit","status":"publish","type":"page","link":"https:\/\/www.museumhogewoerd.nl\/de\/ein-rundgang\/visualisierung-der-vergangenheit\/","title":{"rendered":"Visualisierung der Vergangenheit"},"content":{"rendered":"<div class=\"wpb-content-wrapper\"><p>[vc_row type=&#8220;1&#8243; margin_top=&#8220;-50px&#8220; padding_top=&#8220;50&#8243; padding_bottom=&#8220;50&#8243;][vc_column][vc_row_inner][vc_column_inner width=&#8220;1\/2&#8243;][vc_column_text]<\/p>\n<h1>Visualisierung der Vergangenheit<\/h1>\n<p>[\/vc_column_text][\/vc_column_inner][vc_column_inner width=&#8220;1\/2&#8243;][vc_column_text]Alles is authentisch&#8230;[\/vc_column_text][\/vc_column_inner][\/vc_row_inner][\/vc_column][\/vc_row][vc_row type=&#8220;2&#8243; padding_top=&#8220;50&#8243; padding_bottom=&#8220;50&#8243;][vc_column width=&#8220;1\/2&#8243;][vc_column_text]Die Hoge Woerd ist eins der bedeutenderen arch\u00e4ologischen Denkm\u00e4ler der Niederlande. Im Boden liegt eine Welt von Informationen \u00fcber das Leben in einem Garnisonsst\u00e4dtchen an der Grenze (Limes) des R\u00f6mischen Reichs verborgen. Das Gel\u00e4nde ist bereits seit \u00fcber 50 Jahren gesetzlich gesch\u00fctzt. Dennoch ging von dem Denkmal bis vor einigen Jahren immer wieder ein St\u00fcck verloren, unter anderem durch Bodenbearbeitung und das Verlegen von Versorgungsleitungen. Im Park des Castellum Hoge Woerd wird der gr\u00f6\u00dfte Teil des Denkmals heute dauerhaft aufbewahrt.[\/vc_column_text][\/vc_column][vc_column width=&#8220;1\/2&#8243;][vc_column_text]Zugleich wird durch diesen neuen Kulturpark das \u201eGarnisonsst\u00e4dtchen unter der Erde\u201c zum ersten Mal sichtbar. Den Mittelpunkt bildet nat\u00fcrlich das Kastell selbst, das exakt am Platz seines r\u00f6mischen Vorg\u00e4ngers steht. An der Westseite weist eine Zone mit sanft gewellten Grash\u00fcgeln auf den Rhein hin, der hier unmittelbar am Fort entlangfloss. An den anderen Seiten wurden die Ausfallstra\u00dfen des castellum wiederhergerichtet. An ihnen entlang entwickelte sich ein ausgedehntes Lagerdorf, in dem Hunderte Handwerker, H\u00e4ndler, Wirte sowie die Frauen und Kinder der Soldaten lebten. An der Ostseite weisen die G\u00e4rten von Steede Hoge Woerd auf die bunte Ansammlung von Geh\u00f6ften, Gem\u00fcseg\u00e4rten, Scheunen, Misthaufen hin, die damals hier zu sehen waren. Vor dem Nordtor befindet sich nat\u00fcrlich das Badehaus, das \u201eFitnesszentrum\u201c und Klubhaus, wo man sich regelm\u00e4\u00dfig traf, um Neuigkeiten auszutauschen und Dinge zu besprechen.[\/vc_column_text][\/vc_column][\/vc_row]<\/p>\n<\/div>","protected":false},"excerpt":{"rendered":"<p>[vc_row type=&#8220;1&#8243; margin_top=&#8220;-50px&#8220; padding_top=&#8220;50&#8243; padding_bottom=&#8220;50&#8243;][vc_column][vc_row_inner][vc_column_inner width=&#8220;1\/2&#8243;][vc_column_text] Visualisierung der Vergangenheit [\/vc_column_text][\/vc_column_inner][vc_column_inner width=&#8220;1\/2&#8243;][vc_column_text]Alles is authentisch&#8230;[\/vc_column_text][\/vc_column_inner][\/vc_row_inner][\/vc_column][\/vc_row][vc_row type=&#8220;2&#8243; padding_top=&#8220;50&#8243; padding_bottom=&#8220;50&#8243;][vc_column width=&#8220;1\/2&#8243;][vc_column_text]Die Hoge Woerd ist eins der bedeutenderen arch\u00e4ologischen Denkm\u00e4ler der Niederlande. Im Boden liegt eine Welt von Informationen \u00fcber das Leben in einem Garnisonsst\u00e4dtchen an der Grenze (Limes) des R\u00f6mischen Reichs verborgen. Das Gel\u00e4nde ist bereits seit \u00fcber 50&hellip;<\/p>\n","protected":false},"author":6,"featured_media":4890,"parent":5422,"menu_order":8,"comment_status":"closed","ping_status":"closed","template":"","meta":{"_acf_changed":false},"class_list":["post-5410","page","type-page","status-publish","has-post-thumbnail","hentry","description-off"],"acf":[],"yoast_head":"<!-- This site is optimized with the Yoast SEO plugin v27.4 - https:\/\/yoast.com\/product\/yoast-seo-wordpress\/ -->\n<title>Visualisierung der Vergangenheit - Museum Hoge Woerd<\/title>\n<meta name=\"robots\" content=\"index, follow, max-snippet:-1, max-image-preview:large, max-video-preview:-1\" \/>\n<link rel=\"canonical\" href=\"https:\/\/www.museumhogewoerd.nl\/de\/ein-rundgang\/visualisierung-der-vergangenheit\/\" \/>\n<meta property=\"og:locale\" content=\"de_DE\" \/>\n<meta property=\"og:type\" content=\"article\" \/>\n<meta property=\"og:title\" content=\"Visualisierung der Vergangenheit - Museum Hoge Woerd\" \/>\n<meta property=\"og:description\" content=\"[vc_row type=&#8220;1&#8243; margin_top=&#8220;-50px&#8220; padding_top=&#8220;50&#8243; padding_bottom=&#8220;50&#8243;][vc_column][vc_row_inner][vc_column_inner width=&#8220;1\/2&#8243;][vc_column_text] Visualisierung der Vergangenheit [\/vc_column_text][\/vc_column_inner][vc_column_inner width=&#8220;1\/2&#8243;][vc_column_text]Alles is authentisch&#8230;[\/vc_column_text][\/vc_column_inner][\/vc_row_inner][\/vc_column][\/vc_row][vc_row type=&#8220;2&#8243; padding_top=&#8220;50&#8243; padding_bottom=&#8220;50&#8243;][vc_column width=&#8220;1\/2&#8243;][vc_column_text]Die Hoge Woerd ist eins der bedeutenderen arch\u00e4ologischen Denkm\u00e4ler der Niederlande. Im Boden liegt eine Welt von Informationen \u00fcber das Leben in einem Garnisonsst\u00e4dtchen an der Grenze (Limes) des R\u00f6mischen Reichs verborgen. Das Gel\u00e4nde ist bereits seit \u00fcber 50&hellip;\" \/>\n<meta property=\"og:url\" content=\"https:\/\/www.museumhogewoerd.nl\/de\/ein-rundgang\/visualisierung-der-vergangenheit\/\" \/>\n<meta property=\"og:site_name\" content=\"Museum Hoge Woerd\" \/>\n<meta property=\"article:modified_time\" content=\"2018-11-12T09:33:01+00:00\" \/>\n<meta property=\"og:image\" content=\"https:\/\/www.museumhogewoerd.nl\/wp-content\/uploads\/2016\/02\/museum-hoge-woerd-doe-een-gift.jpg\" \/>\n\t<meta property=\"og:image:width\" content=\"450\" \/>\n\t<meta property=\"og:image:height\" content=\"300\" \/>\n\t<meta property=\"og:image:type\" content=\"image\/jpeg\" \/>\n<meta name=\"twitter:card\" content=\"summary_large_image\" \/>\n<meta name=\"twitter:label1\" content=\"Gesch\u00e4tzte Lesezeit\" \/>\n\t<meta name=\"twitter:data1\" content=\"2\u00a0Minuten\" \/>\n<script type=\"application\/ld+json\" class=\"yoast-schema-graph\">{\"@context\":\"https:\\\/\\\/schema.org\",\"@graph\":[{\"@type\":\"WebPage\",\"@id\":\"https:\\\/\\\/www.museumhogewoerd.nl\\\/de\\\/ein-rundgang\\\/visualisierung-der-vergangenheit\\\/\",\"url\":\"https:\\\/\\\/www.museumhogewoerd.nl\\\/de\\\/ein-rundgang\\\/visualisierung-der-vergangenheit\\\/\",\"name\":\"Visualisierung der Vergangenheit - Museum Hoge Woerd\",\"isPartOf\":{\"@id\":\"https:\\\/\\\/www.museumhogewoerd.nl\\\/de\\\/#website\"},\"primaryImageOfPage\":{\"@id\":\"https:\\\/\\\/www.museumhogewoerd.nl\\\/de\\\/ein-rundgang\\\/visualisierung-der-vergangenheit\\\/#primaryimage\"},\"image\":{\"@id\":\"https:\\\/\\\/www.museumhogewoerd.nl\\\/de\\\/ein-rundgang\\\/visualisierung-der-vergangenheit\\\/#primaryimage\"},\"thumbnailUrl\":\"https:\\\/\\\/www.museumhogewoerd.nl\\\/wp-content\\\/uploads\\\/2016\\\/02\\\/museum-hoge-woerd-doe-een-gift.jpg\",\"datePublished\":\"2018-11-12T09:26:11+00:00\",\"dateModified\":\"2018-11-12T09:33:01+00:00\",\"breadcrumb\":{\"@id\":\"https:\\\/\\\/www.museumhogewoerd.nl\\\/de\\\/ein-rundgang\\\/visualisierung-der-vergangenheit\\\/#breadcrumb\"},\"inLanguage\":\"de\",\"potentialAction\":[{\"@type\":\"ReadAction\",\"target\":[\"https:\\\/\\\/www.museumhogewoerd.nl\\\/de\\\/ein-rundgang\\\/visualisierung-der-vergangenheit\\\/\"]}]},{\"@type\":\"ImageObject\",\"inLanguage\":\"de\",\"@id\":\"https:\\\/\\\/www.museumhogewoerd.nl\\\/de\\\/ein-rundgang\\\/visualisierung-der-vergangenheit\\\/#primaryimage\",\"url\":\"https:\\\/\\\/www.museumhogewoerd.nl\\\/wp-content\\\/uploads\\\/2016\\\/02\\\/museum-hoge-woerd-doe-een-gift.jpg\",\"contentUrl\":\"https:\\\/\\\/www.museumhogewoerd.nl\\\/wp-content\\\/uploads\\\/2016\\\/02\\\/museum-hoge-woerd-doe-een-gift.jpg\",\"width\":450,\"height\":300,\"caption\":\"museum hoge woerd doe een gift\"},{\"@type\":\"BreadcrumbList\",\"@id\":\"https:\\\/\\\/www.museumhogewoerd.nl\\\/de\\\/ein-rundgang\\\/visualisierung-der-vergangenheit\\\/#breadcrumb\",\"itemListElement\":[{\"@type\":\"ListItem\",\"position\":1,\"name\":\"Home\",\"item\":\"https:\\\/\\\/www.museumhogewoerd.nl\\\/de\\\/\"},{\"@type\":\"ListItem\",\"position\":2,\"name\":\"Ein Rundgang\",\"item\":\"https:\\\/\\\/www.museumhogewoerd.nl\\\/de\\\/ein-rundgang\\\/\"},{\"@type\":\"ListItem\",\"position\":3,\"name\":\"Visualisierung der Vergangenheit\"}]},{\"@type\":\"WebSite\",\"@id\":\"https:\\\/\\\/www.museumhogewoerd.nl\\\/de\\\/#website\",\"url\":\"https:\\\/\\\/www.museumhogewoerd.nl\\\/de\\\/\",\"name\":\"Museum Hoge Woerd\",\"description\":\"Ontdek het pronkstuk het Romeinse schip De Meern 1\",\"potentialAction\":[{\"@type\":\"SearchAction\",\"target\":{\"@type\":\"EntryPoint\",\"urlTemplate\":\"https:\\\/\\\/www.museumhogewoerd.nl\\\/de\\\/?s={search_term_string}\"},\"query-input\":{\"@type\":\"PropertyValueSpecification\",\"valueRequired\":true,\"valueName\":\"search_term_string\"}}],\"inLanguage\":\"de\"}]}<\/script>\n<!-- \/ Yoast SEO plugin. -->","yoast_head_json":{"title":"Visualisierung der Vergangenheit - Museum Hoge Woerd","robots":{"index":"index","follow":"follow","max-snippet":"max-snippet:-1","max-image-preview":"max-image-preview:large","max-video-preview":"max-video-preview:-1"},"canonical":"https:\/\/www.museumhogewoerd.nl\/de\/ein-rundgang\/visualisierung-der-vergangenheit\/","og_locale":"de_DE","og_type":"article","og_title":"Visualisierung der Vergangenheit - Museum Hoge Woerd","og_description":"[vc_row type=&#8220;1&#8243; margin_top=&#8220;-50px&#8220; padding_top=&#8220;50&#8243; padding_bottom=&#8220;50&#8243;][vc_column][vc_row_inner][vc_column_inner width=&#8220;1\/2&#8243;][vc_column_text] Visualisierung der Vergangenheit [\/vc_column_text][\/vc_column_inner][vc_column_inner width=&#8220;1\/2&#8243;][vc_column_text]Alles is authentisch&#8230;[\/vc_column_text][\/vc_column_inner][\/vc_row_inner][\/vc_column][\/vc_row][vc_row type=&#8220;2&#8243; padding_top=&#8220;50&#8243; padding_bottom=&#8220;50&#8243;][vc_column width=&#8220;1\/2&#8243;][vc_column_text]Die Hoge Woerd ist eins der bedeutenderen arch\u00e4ologischen Denkm\u00e4ler der Niederlande. Im Boden liegt eine Welt von Informationen \u00fcber das Leben in einem Garnisonsst\u00e4dtchen an der Grenze (Limes) des R\u00f6mischen Reichs verborgen. Das Gel\u00e4nde ist bereits seit \u00fcber 50&hellip;","og_url":"https:\/\/www.museumhogewoerd.nl\/de\/ein-rundgang\/visualisierung-der-vergangenheit\/","og_site_name":"Museum Hoge Woerd","article_modified_time":"2018-11-12T09:33:01+00:00","og_image":[{"width":450,"height":300,"url":"https:\/\/www.museumhogewoerd.nl\/wp-content\/uploads\/2016\/02\/museum-hoge-woerd-doe-een-gift.jpg","type":"image\/jpeg"}],"twitter_card":"summary_large_image","twitter_misc":{"Gesch\u00e4tzte Lesezeit":"2\u00a0Minuten"},"schema":{"@context":"https:\/\/schema.org","@graph":[{"@type":"WebPage","@id":"https:\/\/www.museumhogewoerd.nl\/de\/ein-rundgang\/visualisierung-der-vergangenheit\/","url":"https:\/\/www.museumhogewoerd.nl\/de\/ein-rundgang\/visualisierung-der-vergangenheit\/","name":"Visualisierung der Vergangenheit - Museum Hoge Woerd","isPartOf":{"@id":"https:\/\/www.museumhogewoerd.nl\/de\/#website"},"primaryImageOfPage":{"@id":"https:\/\/www.museumhogewoerd.nl\/de\/ein-rundgang\/visualisierung-der-vergangenheit\/#primaryimage"},"image":{"@id":"https:\/\/www.museumhogewoerd.nl\/de\/ein-rundgang\/visualisierung-der-vergangenheit\/#primaryimage"},"thumbnailUrl":"https:\/\/www.museumhogewoerd.nl\/wp-content\/uploads\/2016\/02\/museum-hoge-woerd-doe-een-gift.jpg","datePublished":"2018-11-12T09:26:11+00:00","dateModified":"2018-11-12T09:33:01+00:00","breadcrumb":{"@id":"https:\/\/www.museumhogewoerd.nl\/de\/ein-rundgang\/visualisierung-der-vergangenheit\/#breadcrumb"},"inLanguage":"de","potentialAction":[{"@type":"ReadAction","target":["https:\/\/www.museumhogewoerd.nl\/de\/ein-rundgang\/visualisierung-der-vergangenheit\/"]}]},{"@type":"ImageObject","inLanguage":"de","@id":"https:\/\/www.museumhogewoerd.nl\/de\/ein-rundgang\/visualisierung-der-vergangenheit\/#primaryimage","url":"https:\/\/www.museumhogewoerd.nl\/wp-content\/uploads\/2016\/02\/museum-hoge-woerd-doe-een-gift.jpg","contentUrl":"https:\/\/www.museumhogewoerd.nl\/wp-content\/uploads\/2016\/02\/museum-hoge-woerd-doe-een-gift.jpg","width":450,"height":300,"caption":"museum hoge woerd doe een gift"},{"@type":"BreadcrumbList","@id":"https:\/\/www.museumhogewoerd.nl\/de\/ein-rundgang\/visualisierung-der-vergangenheit\/#breadcrumb","itemListElement":[{"@type":"ListItem","position":1,"name":"Home","item":"https:\/\/www.museumhogewoerd.nl\/de\/"},{"@type":"ListItem","position":2,"name":"Ein Rundgang","item":"https:\/\/www.museumhogewoerd.nl\/de\/ein-rundgang\/"},{"@type":"ListItem","position":3,"name":"Visualisierung der Vergangenheit"}]},{"@type":"WebSite","@id":"https:\/\/www.museumhogewoerd.nl\/de\/#website","url":"https:\/\/www.museumhogewoerd.nl\/de\/","name":"Museum Hoge Woerd","description":"Ontdek het pronkstuk het Romeinse schip De Meern 1","potentialAction":[{"@type":"SearchAction","target":{"@type":"EntryPoint","urlTemplate":"https:\/\/www.museumhogewoerd.nl\/de\/?s={search_term_string}"},"query-input":{"@type":"PropertyValueSpecification","valueRequired":true,"valueName":"search_term_string"}}],"inLanguage":"de"}]}},"publishpress_future_workflow_manual_trigger":{"enabledWorkflows":[]},"_links":{"self":[{"href":"https:\/\/www.museumhogewoerd.nl\/de\/wp-json\/wp\/v2\/pages\/5410","targetHints":{"allow":["GET"]}}],"collection":[{"href":"https:\/\/www.museumhogewoerd.nl\/de\/wp-json\/wp\/v2\/pages"}],"about":[{"href":"https:\/\/www.museumhogewoerd.nl\/de\/wp-json\/wp\/v2\/types\/page"}],"author":[{"embeddable":true,"href":"https:\/\/www.museumhogewoerd.nl\/de\/wp-json\/wp\/v2\/users\/6"}],"replies":[{"embeddable":true,"href":"https:\/\/www.museumhogewoerd.nl\/de\/wp-json\/wp\/v2\/comments?post=5410"}],"version-history":[{"count":0,"href":"https:\/\/www.museumhogewoerd.nl\/de\/wp-json\/wp\/v2\/pages\/5410\/revisions"}],"up":[{"embeddable":true,"href":"https:\/\/www.museumhogewoerd.nl\/de\/wp-json\/wp\/v2\/pages\/5422"}],"wp:featuredmedia":[{"embeddable":true,"href":"https:\/\/www.museumhogewoerd.nl\/de\/wp-json\/wp\/v2\/media\/4890"}],"wp:attachment":[{"href":"https:\/\/www.museumhogewoerd.nl\/de\/wp-json\/wp\/v2\/media?parent=5410"}],"curies":[{"name":"wp","href":"https:\/\/api.w.org\/{rel}","templated":true}]}}