{"id":5412,"date":"2018-11-12T10:27:33","date_gmt":"2018-11-12T09:27:33","guid":{"rendered":"https:\/\/www.museumhogewoerd.nl\/?page_id=5412"},"modified":"2018-11-14T13:07:05","modified_gmt":"2018-11-14T12:07:05","slug":"wachtturm","status":"publish","type":"page","link":"https:\/\/www.museumhogewoerd.nl\/de\/ein-rundgang\/wachtturm\/","title":{"rendered":"Wachtturm"},"content":{"rendered":"<div class=\"wpb-content-wrapper\"><p>[vc_row type=&#8220;1&#8243; margin_top=&#8220;-50px&#8220; padding_top=&#8220;50&#8243; padding_bottom=&#8220;50&#8243;][vc_column][vc_row_inner][vc_column_inner width=&#8220;1\/2&#8243;][vc_column_text]<\/p>\n<h1>Wachtturm<\/h1>\n<p>[\/vc_column_text][\/vc_column_inner][vc_column_inner width=&#8220;1\/2&#8243;][vc_column_text]Au\u00dfenposten des Castellums[\/vc_column_text][\/vc_column_inner][\/vc_row_inner][\/vc_column][\/vc_row][vc_row type=&#8220;2&#8243; padding_top=&#8220;50&#8243; padding_bottom=&#8220;50&#8243;][vc_column width=&#8220;1\/2&#8243;][vc_column_text]Am Eingang des Gel\u00e4ndes steht ein Nachbau des r\u00f6mischen Wachtturms, der 2002 in Leidsche Rijn geborgen wurde. Diese Entdeckung war damals eine gro\u00dfe Neuigkeit. Niemals zuvor war ein so gut erhaltener h\u00f6lzerner Wachtturm gefunden worden. Die Eckpfosten waren auf einer L\u00e4nge von etwa einem Meter erhalten, und auf dem Boden lagen immer noch die Essensreste und zerbrochene Haushaltsgegenst\u00e4nde der Turmw\u00e4chter! Dadurch konnte das Leben auf diesen Wachtt\u00fcrmen von den Arch\u00e4ologen bis in kleinste Einzelheiten rekonstruiert werden.[\/vc_column_text][\/vc_column][vc_column width=&#8220;1\/2&#8243;][vc_column_text]Die bauliche Rekonstruktion st\u00fctzt sich soweit wie m\u00f6glich auf die Befunde der Grabung im Jahre 2002. Eine wichtige Quelle ist auch die Trajanss\u00e4ule in Rom, auf der eine Reihe von Wachtt\u00fcrmen entlang der Donau dargestellt ist. Neben den T\u00fcrmen h\u00e4ngen Informationstafeln, darin befinden sich Nachbildungen von Gebrauchsgegenst\u00e4nden. Ein H\u00f6rspiel bringt Ihnen das Leben auf einem kleinen Wachtposten an der r\u00f6mischen Grenze (Limes) im Rheindelta nahe.<br \/>\nF\u00fcr einen Besuch schauen Sie nach unter Planen Sie Ihren Besuch, <a href=\"https:\/\/www.museumhogewoerd.nl\/de\/fuehrungen\/\">F\u00fchrungen<\/a>.[\/vc_column_text][\/vc_column][\/vc_row]<\/p>\n<\/div>","protected":false},"excerpt":{"rendered":"<p>[vc_row type=&#8220;1&#8243; margin_top=&#8220;-50px&#8220; padding_top=&#8220;50&#8243; padding_bottom=&#8220;50&#8243;][vc_column][vc_row_inner][vc_column_inner width=&#8220;1\/2&#8243;][vc_column_text] Wachtturm [\/vc_column_text][\/vc_column_inner][vc_column_inner width=&#8220;1\/2&#8243;][vc_column_text]Au\u00dfenposten des Castellums[\/vc_column_text][\/vc_column_inner][\/vc_row_inner][\/vc_column][\/vc_row][vc_row type=&#8220;2&#8243; padding_top=&#8220;50&#8243; padding_bottom=&#8220;50&#8243;][vc_column width=&#8220;1\/2&#8243;][vc_column_text]Am Eingang des Gel\u00e4ndes steht ein Nachbau des r\u00f6mischen Wachtturms, der 2002 in Leidsche Rijn geborgen wurde. Diese Entdeckung war damals eine gro\u00dfe Neuigkeit. Niemals zuvor war ein so gut erhaltener h\u00f6lzerner Wachtturm gefunden worden. Die Eckpfosten waren auf einer L\u00e4nge&hellip;<\/p>\n","protected":false},"author":6,"featured_media":10043,"parent":5422,"menu_order":6,"comment_status":"closed","ping_status":"closed","template":"","meta":{"_acf_changed":false},"class_list":["post-5412","page","type-page","status-publish","has-post-thumbnail","hentry","description-off"],"acf":[],"yoast_head":"<!-- This site is optimized with the Yoast SEO plugin v27.4 - https:\/\/yoast.com\/product\/yoast-seo-wordpress\/ -->\n<title>Wachtturm - Museum Hoge Woerd<\/title>\n<meta name=\"robots\" content=\"index, follow, max-snippet:-1, max-image-preview:large, max-video-preview:-1\" \/>\n<link rel=\"canonical\" href=\"https:\/\/www.museumhogewoerd.nl\/de\/ein-rundgang\/wachtturm\/\" \/>\n<meta property=\"og:locale\" content=\"de_DE\" \/>\n<meta property=\"og:type\" content=\"article\" \/>\n<meta property=\"og:title\" content=\"Wachtturm - Museum Hoge Woerd\" \/>\n<meta property=\"og:description\" content=\"[vc_row type=&#8220;1&#8243; margin_top=&#8220;-50px&#8220; padding_top=&#8220;50&#8243; padding_bottom=&#8220;50&#8243;][vc_column][vc_row_inner][vc_column_inner width=&#8220;1\/2&#8243;][vc_column_text] Wachtturm [\/vc_column_text][\/vc_column_inner][vc_column_inner width=&#8220;1\/2&#8243;][vc_column_text]Au\u00dfenposten des Castellums[\/vc_column_text][\/vc_column_inner][\/vc_row_inner][\/vc_column][\/vc_row][vc_row type=&#8220;2&#8243; padding_top=&#8220;50&#8243; padding_bottom=&#8220;50&#8243;][vc_column width=&#8220;1\/2&#8243;][vc_column_text]Am Eingang des Gel\u00e4ndes steht ein Nachbau des r\u00f6mischen Wachtturms, der 2002 in Leidsche Rijn geborgen wurde. Diese Entdeckung war damals eine gro\u00dfe Neuigkeit. Niemals zuvor war ein so gut erhaltener h\u00f6lzerner Wachtturm gefunden worden. Die Eckpfosten waren auf einer L\u00e4nge&hellip;\" \/>\n<meta property=\"og:url\" content=\"https:\/\/www.museumhogewoerd.nl\/de\/ein-rundgang\/wachtturm\/\" \/>\n<meta property=\"og:site_name\" content=\"Museum Hoge Woerd\" \/>\n<meta property=\"article:modified_time\" content=\"2018-11-14T12:07:05+00:00\" \/>\n<meta property=\"og:image\" content=\"https:\/\/www.museumhogewoerd.nl\/wp-content\/uploads\/2020\/07\/Museum-Hoge-Woerd-Wachttoren-soldaat.jpg\" \/>\n\t<meta property=\"og:image:width\" content=\"1200\" \/>\n\t<meta property=\"og:image:height\" content=\"800\" \/>\n\t<meta property=\"og:image:type\" content=\"image\/jpeg\" \/>\n<meta name=\"twitter:card\" content=\"summary_large_image\" \/>\n<meta name=\"twitter:label1\" content=\"Gesch\u00e4tzte Lesezeit\" \/>\n\t<meta name=\"twitter:data1\" content=\"1\u00a0Minute\" \/>\n<script type=\"application\/ld+json\" class=\"yoast-schema-graph\">{\"@context\":\"https:\\\/\\\/schema.org\",\"@graph\":[{\"@type\":\"WebPage\",\"@id\":\"https:\\\/\\\/www.museumhogewoerd.nl\\\/de\\\/ein-rundgang\\\/wachtturm\\\/\",\"url\":\"https:\\\/\\\/www.museumhogewoerd.nl\\\/de\\\/ein-rundgang\\\/wachtturm\\\/\",\"name\":\"Wachtturm - Museum Hoge Woerd\",\"isPartOf\":{\"@id\":\"https:\\\/\\\/www.museumhogewoerd.nl\\\/de\\\/#website\"},\"primaryImageOfPage\":{\"@id\":\"https:\\\/\\\/www.museumhogewoerd.nl\\\/de\\\/ein-rundgang\\\/wachtturm\\\/#primaryimage\"},\"image\":{\"@id\":\"https:\\\/\\\/www.museumhogewoerd.nl\\\/de\\\/ein-rundgang\\\/wachtturm\\\/#primaryimage\"},\"thumbnailUrl\":\"https:\\\/\\\/www.museumhogewoerd.nl\\\/wp-content\\\/uploads\\\/2020\\\/07\\\/Museum-Hoge-Woerd-Wachttoren-soldaat.jpg\",\"datePublished\":\"2018-11-12T09:27:33+00:00\",\"dateModified\":\"2018-11-14T12:07:05+00:00\",\"breadcrumb\":{\"@id\":\"https:\\\/\\\/www.museumhogewoerd.nl\\\/de\\\/ein-rundgang\\\/wachtturm\\\/#breadcrumb\"},\"inLanguage\":\"de\",\"potentialAction\":[{\"@type\":\"ReadAction\",\"target\":[\"https:\\\/\\\/www.museumhogewoerd.nl\\\/de\\\/ein-rundgang\\\/wachtturm\\\/\"]}]},{\"@type\":\"ImageObject\",\"inLanguage\":\"de\",\"@id\":\"https:\\\/\\\/www.museumhogewoerd.nl\\\/de\\\/ein-rundgang\\\/wachtturm\\\/#primaryimage\",\"url\":\"https:\\\/\\\/www.museumhogewoerd.nl\\\/wp-content\\\/uploads\\\/2020\\\/07\\\/Museum-Hoge-Woerd-Wachttoren-soldaat.jpg\",\"contentUrl\":\"https:\\\/\\\/www.museumhogewoerd.nl\\\/wp-content\\\/uploads\\\/2020\\\/07\\\/Museum-Hoge-Woerd-Wachttoren-soldaat.jpg\",\"width\":1200,\"height\":800},{\"@type\":\"BreadcrumbList\",\"@id\":\"https:\\\/\\\/www.museumhogewoerd.nl\\\/de\\\/ein-rundgang\\\/wachtturm\\\/#breadcrumb\",\"itemListElement\":[{\"@type\":\"ListItem\",\"position\":1,\"name\":\"Home\",\"item\":\"https:\\\/\\\/www.museumhogewoerd.nl\\\/de\\\/\"},{\"@type\":\"ListItem\",\"position\":2,\"name\":\"Ein Rundgang\",\"item\":\"https:\\\/\\\/www.museumhogewoerd.nl\\\/de\\\/ein-rundgang\\\/\"},{\"@type\":\"ListItem\",\"position\":3,\"name\":\"Wachtturm\"}]},{\"@type\":\"WebSite\",\"@id\":\"https:\\\/\\\/www.museumhogewoerd.nl\\\/de\\\/#website\",\"url\":\"https:\\\/\\\/www.museumhogewoerd.nl\\\/de\\\/\",\"name\":\"Museum Hoge Woerd\",\"description\":\"Ontdek het pronkstuk het Romeinse schip De Meern 1\",\"potentialAction\":[{\"@type\":\"SearchAction\",\"target\":{\"@type\":\"EntryPoint\",\"urlTemplate\":\"https:\\\/\\\/www.museumhogewoerd.nl\\\/de\\\/?s={search_term_string}\"},\"query-input\":{\"@type\":\"PropertyValueSpecification\",\"valueRequired\":true,\"valueName\":\"search_term_string\"}}],\"inLanguage\":\"de\"}]}<\/script>\n<!-- \/ Yoast SEO plugin. -->","yoast_head_json":{"title":"Wachtturm - Museum Hoge Woerd","robots":{"index":"index","follow":"follow","max-snippet":"max-snippet:-1","max-image-preview":"max-image-preview:large","max-video-preview":"max-video-preview:-1"},"canonical":"https:\/\/www.museumhogewoerd.nl\/de\/ein-rundgang\/wachtturm\/","og_locale":"de_DE","og_type":"article","og_title":"Wachtturm - Museum Hoge Woerd","og_description":"[vc_row type=&#8220;1&#8243; margin_top=&#8220;-50px&#8220; padding_top=&#8220;50&#8243; padding_bottom=&#8220;50&#8243;][vc_column][vc_row_inner][vc_column_inner width=&#8220;1\/2&#8243;][vc_column_text] Wachtturm [\/vc_column_text][\/vc_column_inner][vc_column_inner width=&#8220;1\/2&#8243;][vc_column_text]Au\u00dfenposten des Castellums[\/vc_column_text][\/vc_column_inner][\/vc_row_inner][\/vc_column][\/vc_row][vc_row type=&#8220;2&#8243; padding_top=&#8220;50&#8243; padding_bottom=&#8220;50&#8243;][vc_column width=&#8220;1\/2&#8243;][vc_column_text]Am Eingang des Gel\u00e4ndes steht ein Nachbau des r\u00f6mischen Wachtturms, der 2002 in Leidsche Rijn geborgen wurde. Diese Entdeckung war damals eine gro\u00dfe Neuigkeit. Niemals zuvor war ein so gut erhaltener h\u00f6lzerner Wachtturm gefunden worden. Die Eckpfosten waren auf einer L\u00e4nge&hellip;","og_url":"https:\/\/www.museumhogewoerd.nl\/de\/ein-rundgang\/wachtturm\/","og_site_name":"Museum Hoge Woerd","article_modified_time":"2018-11-14T12:07:05+00:00","og_image":[{"width":1200,"height":800,"url":"https:\/\/www.museumhogewoerd.nl\/wp-content\/uploads\/2020\/07\/Museum-Hoge-Woerd-Wachttoren-soldaat.jpg","type":"image\/jpeg"}],"twitter_card":"summary_large_image","twitter_misc":{"Gesch\u00e4tzte Lesezeit":"1\u00a0Minute"},"schema":{"@context":"https:\/\/schema.org","@graph":[{"@type":"WebPage","@id":"https:\/\/www.museumhogewoerd.nl\/de\/ein-rundgang\/wachtturm\/","url":"https:\/\/www.museumhogewoerd.nl\/de\/ein-rundgang\/wachtturm\/","name":"Wachtturm - Museum Hoge Woerd","isPartOf":{"@id":"https:\/\/www.museumhogewoerd.nl\/de\/#website"},"primaryImageOfPage":{"@id":"https:\/\/www.museumhogewoerd.nl\/de\/ein-rundgang\/wachtturm\/#primaryimage"},"image":{"@id":"https:\/\/www.museumhogewoerd.nl\/de\/ein-rundgang\/wachtturm\/#primaryimage"},"thumbnailUrl":"https:\/\/www.museumhogewoerd.nl\/wp-content\/uploads\/2020\/07\/Museum-Hoge-Woerd-Wachttoren-soldaat.jpg","datePublished":"2018-11-12T09:27:33+00:00","dateModified":"2018-11-14T12:07:05+00:00","breadcrumb":{"@id":"https:\/\/www.museumhogewoerd.nl\/de\/ein-rundgang\/wachtturm\/#breadcrumb"},"inLanguage":"de","potentialAction":[{"@type":"ReadAction","target":["https:\/\/www.museumhogewoerd.nl\/de\/ein-rundgang\/wachtturm\/"]}]},{"@type":"ImageObject","inLanguage":"de","@id":"https:\/\/www.museumhogewoerd.nl\/de\/ein-rundgang\/wachtturm\/#primaryimage","url":"https:\/\/www.museumhogewoerd.nl\/wp-content\/uploads\/2020\/07\/Museum-Hoge-Woerd-Wachttoren-soldaat.jpg","contentUrl":"https:\/\/www.museumhogewoerd.nl\/wp-content\/uploads\/2020\/07\/Museum-Hoge-Woerd-Wachttoren-soldaat.jpg","width":1200,"height":800},{"@type":"BreadcrumbList","@id":"https:\/\/www.museumhogewoerd.nl\/de\/ein-rundgang\/wachtturm\/#breadcrumb","itemListElement":[{"@type":"ListItem","position":1,"name":"Home","item":"https:\/\/www.museumhogewoerd.nl\/de\/"},{"@type":"ListItem","position":2,"name":"Ein Rundgang","item":"https:\/\/www.museumhogewoerd.nl\/de\/ein-rundgang\/"},{"@type":"ListItem","position":3,"name":"Wachtturm"}]},{"@type":"WebSite","@id":"https:\/\/www.museumhogewoerd.nl\/de\/#website","url":"https:\/\/www.museumhogewoerd.nl\/de\/","name":"Museum Hoge Woerd","description":"Ontdek het pronkstuk het Romeinse schip De Meern 1","potentialAction":[{"@type":"SearchAction","target":{"@type":"EntryPoint","urlTemplate":"https:\/\/www.museumhogewoerd.nl\/de\/?s={search_term_string}"},"query-input":{"@type":"PropertyValueSpecification","valueRequired":true,"valueName":"search_term_string"}}],"inLanguage":"de"}]}},"publishpress_future_workflow_manual_trigger":{"enabledWorkflows":[]},"_links":{"self":[{"href":"https:\/\/www.museumhogewoerd.nl\/de\/wp-json\/wp\/v2\/pages\/5412","targetHints":{"allow":["GET"]}}],"collection":[{"href":"https:\/\/www.museumhogewoerd.nl\/de\/wp-json\/wp\/v2\/pages"}],"about":[{"href":"https:\/\/www.museumhogewoerd.nl\/de\/wp-json\/wp\/v2\/types\/page"}],"author":[{"embeddable":true,"href":"https:\/\/www.museumhogewoerd.nl\/de\/wp-json\/wp\/v2\/users\/6"}],"replies":[{"embeddable":true,"href":"https:\/\/www.museumhogewoerd.nl\/de\/wp-json\/wp\/v2\/comments?post=5412"}],"version-history":[{"count":0,"href":"https:\/\/www.museumhogewoerd.nl\/de\/wp-json\/wp\/v2\/pages\/5412\/revisions"}],"up":[{"embeddable":true,"href":"https:\/\/www.museumhogewoerd.nl\/de\/wp-json\/wp\/v2\/pages\/5422"}],"wp:featuredmedia":[{"embeddable":true,"href":"https:\/\/www.museumhogewoerd.nl\/de\/wp-json\/wp\/v2\/media\/10043"}],"wp:attachment":[{"href":"https:\/\/www.museumhogewoerd.nl\/de\/wp-json\/wp\/v2\/media?parent=5412"}],"curies":[{"name":"wp","href":"https:\/\/api.w.org\/{rel}","templated":true}]}}