{"id":5427,"date":"2018-11-12T10:37:32","date_gmt":"2018-11-12T09:37:32","guid":{"rendered":"https:\/\/www.museumhogewoerd.nl\/?page_id=5427"},"modified":"2018-11-12T15:03:56","modified_gmt":"2018-11-12T14:03:56","slug":"zugang-und-beaufsichtigung","status":"publish","type":"page","link":"https:\/\/www.museumhogewoerd.nl\/de\/organisation-und-mission\/zugang-und-beaufsichtigung\/","title":{"rendered":"Zugang und Beaufsichtigung"},"content":{"rendered":"<div class=\"wpb-content-wrapper\"><p>[vc_row type=&#8220;1&#8243; margin_top=&#8220;-50px&#8220; padding_top=&#8220;50&#8243; padding_bottom=&#8220;50&#8243;][vc_column][vc_row_inner][vc_column_inner width=&#8220;1\/2&#8243;][vc_column_text]<\/p>\n<h1>Zugang und Beaufsichtigung<\/h1>\n<p>[\/vc_column_text][\/vc_column_inner][vc_column_inner width=&#8220;1\/2&#8243;][vc_column_text][\/vc_column_text][\/vc_column_inner][\/vc_row_inner][\/vc_column][\/vc_row][vc_row type=&#8220;2&#8243; padding_top=&#8220;50&#8243; padding_bottom=&#8220;50&#8243;][vc_column width=&#8220;1\/2&#8243;][vc_column_text]Auch dank des Einsatzes vieler Freiwilliger ist das Museum Hoge Woerd in der Lage, den Besuch der st\u00e4ndigen Ausstellungen kostenfrei anzubieten. Damit tr\u00e4gt das Museum zur Mission des Castellum Hoge Woerd bei, ein Ort zu sein, an dem man ohne Ende und ungehindert Entdeckungen machen kann. Spenden sind eine wichtige Unterst\u00fctzung, um dies auch auf l\u00e4ngere Sicht zu erm\u00f6glichen.<\/p>\n<p><strong>Kinder und Beaufsichtigung<\/strong><br \/>\nUm das pers\u00f6nliche Erlebnis zu unterst\u00fctzen, verf\u00fcgt das Museum \u00fcber zahlreiche Anwendungen und Einrichtungen, die eine interaktive oder praktische Erfahrung bieten. Dies trifft in besonderem Ma\u00dfe auf die Ausstellung \u201e3000 Jahre Wohnen und Arbeiten\u201c zu. F\u00fcr diesen Bereich gilt deshalb auch, dass (au\u00dferhalb geregelter Erziehungsaktivit\u00e4ten) Kinder bis 16 Jahre nur in Begleitung eines Erwachsenen Zugang haben. Auch f\u00fcr den Bereich \u201eFenster zum Fort\u201c gilt, dass die Beaufsichtigung Jugendlicher durch Erwachsene erw\u00fcnscht ist. Das Museum Hoge Woerd \u00fcbernimmt keine Haftung f\u00fcr unverantwortliches Verhalten auf den W\u00e4llen des Forts.[\/vc_column_text][\/vc_column][vc_column width=&#8220;1\/2&#8243;][vc_column_text]<strong>Gruppenbesuch<\/strong><br \/>\nDas Museum Hoge Woerd betreut im Jahr viele Hunderte F\u00fchrungen und Schulbesuche. Damit jede Gruppe Gelegenheit zu einem vollwertigen Erlebnis oder einer F\u00fchrung erh\u00e4lt, bitten wir darum, Gesellschaften mit mehr als 15 Personen stets im Voraus \u00fcber museum@castellumhogewoerd.nl anzumelden. F\u00fcr Gruppenf\u00fchrungen und Schulbesuche verlangt das Museum einen bescheidenen Unkostenbeitrag zur Deckung der Kosten des Einsatzes der F\u00fchrer bzw. Begleiter sowie der Verbrauchsmaterialien.[\/vc_column_text][\/vc_column][\/vc_row]<\/p>\n<\/div>","protected":false},"excerpt":{"rendered":"<p>[vc_row type=&#8220;1&#8243; margin_top=&#8220;-50px&#8220; padding_top=&#8220;50&#8243; padding_bottom=&#8220;50&#8243;][vc_column][vc_row_inner][vc_column_inner width=&#8220;1\/2&#8243;][vc_column_text] Zugang und Beaufsichtigung [\/vc_column_text][\/vc_column_inner][vc_column_inner width=&#8220;1\/2&#8243;][vc_column_text][\/vc_column_text][\/vc_column_inner][\/vc_row_inner][\/vc_column][\/vc_row][vc_row type=&#8220;2&#8243; padding_top=&#8220;50&#8243; padding_bottom=&#8220;50&#8243;][vc_column width=&#8220;1\/2&#8243;][vc_column_text]Auch dank des Einsatzes vieler Freiwilliger ist das Museum Hoge Woerd in der Lage, den Besuch der st\u00e4ndigen Ausstellungen kostenfrei anzubieten. Damit tr\u00e4gt das Museum zur Mission des Castellum Hoge Woerd bei, ein Ort zu sein, an dem man ohne Ende&hellip;<\/p>\n","protected":false},"author":6,"featured_media":0,"parent":5425,"menu_order":1,"comment_status":"closed","ping_status":"closed","template":"","meta":{"_acf_changed":false},"class_list":["post-5427","page","type-page","status-publish","hentry","description-off"],"acf":[],"yoast_head":"<!-- This site is optimized with the Yoast SEO plugin v27.4 - https:\/\/yoast.com\/product\/yoast-seo-wordpress\/ -->\n<title>Zugang und Beaufsichtigung - Museum Hoge Woerd<\/title>\n<meta name=\"robots\" content=\"index, follow, max-snippet:-1, max-image-preview:large, max-video-preview:-1\" \/>\n<link rel=\"canonical\" href=\"https:\/\/www.museumhogewoerd.nl\/de\/organisation-und-mission\/zugang-und-beaufsichtigung\/\" \/>\n<meta property=\"og:locale\" content=\"de_DE\" \/>\n<meta property=\"og:type\" content=\"article\" \/>\n<meta property=\"og:title\" content=\"Zugang und Beaufsichtigung - Museum Hoge Woerd\" \/>\n<meta property=\"og:description\" content=\"[vc_row type=&#8220;1&#8243; margin_top=&#8220;-50px&#8220; padding_top=&#8220;50&#8243; padding_bottom=&#8220;50&#8243;][vc_column][vc_row_inner][vc_column_inner width=&#8220;1\/2&#8243;][vc_column_text] Zugang und Beaufsichtigung [\/vc_column_text][\/vc_column_inner][vc_column_inner width=&#8220;1\/2&#8243;][vc_column_text][\/vc_column_text][\/vc_column_inner][\/vc_row_inner][\/vc_column][\/vc_row][vc_row type=&#8220;2&#8243; padding_top=&#8220;50&#8243; padding_bottom=&#8220;50&#8243;][vc_column width=&#8220;1\/2&#8243;][vc_column_text]Auch dank des Einsatzes vieler Freiwilliger ist das Museum Hoge Woerd in der Lage, den Besuch der st\u00e4ndigen Ausstellungen kostenfrei anzubieten. Damit tr\u00e4gt das Museum zur Mission des Castellum Hoge Woerd bei, ein Ort zu sein, an dem man ohne Ende&hellip;\" \/>\n<meta property=\"og:url\" content=\"https:\/\/www.museumhogewoerd.nl\/de\/organisation-und-mission\/zugang-und-beaufsichtigung\/\" \/>\n<meta property=\"og:site_name\" content=\"Museum Hoge Woerd\" \/>\n<meta property=\"article:modified_time\" content=\"2018-11-12T14:03:56+00:00\" \/>\n<meta name=\"twitter:card\" content=\"summary_large_image\" \/>\n<meta name=\"twitter:label1\" content=\"Gesch\u00e4tzte Lesezeit\" \/>\n\t<meta name=\"twitter:data1\" content=\"2\u00a0Minuten\" \/>\n<script type=\"application\/ld+json\" class=\"yoast-schema-graph\">{\"@context\":\"https:\\\/\\\/schema.org\",\"@graph\":[{\"@type\":\"WebPage\",\"@id\":\"https:\\\/\\\/www.museumhogewoerd.nl\\\/de\\\/organisation-und-mission\\\/zugang-und-beaufsichtigung\\\/\",\"url\":\"https:\\\/\\\/www.museumhogewoerd.nl\\\/de\\\/organisation-und-mission\\\/zugang-und-beaufsichtigung\\\/\",\"name\":\"Zugang und Beaufsichtigung - Museum Hoge Woerd\",\"isPartOf\":{\"@id\":\"https:\\\/\\\/www.museumhogewoerd.nl\\\/de\\\/#website\"},\"datePublished\":\"2018-11-12T09:37:32+00:00\",\"dateModified\":\"2018-11-12T14:03:56+00:00\",\"breadcrumb\":{\"@id\":\"https:\\\/\\\/www.museumhogewoerd.nl\\\/de\\\/organisation-und-mission\\\/zugang-und-beaufsichtigung\\\/#breadcrumb\"},\"inLanguage\":\"de\",\"potentialAction\":[{\"@type\":\"ReadAction\",\"target\":[\"https:\\\/\\\/www.museumhogewoerd.nl\\\/de\\\/organisation-und-mission\\\/zugang-und-beaufsichtigung\\\/\"]}]},{\"@type\":\"BreadcrumbList\",\"@id\":\"https:\\\/\\\/www.museumhogewoerd.nl\\\/de\\\/organisation-und-mission\\\/zugang-und-beaufsichtigung\\\/#breadcrumb\",\"itemListElement\":[{\"@type\":\"ListItem\",\"position\":1,\"name\":\"Home\",\"item\":\"https:\\\/\\\/www.museumhogewoerd.nl\\\/de\\\/\"},{\"@type\":\"ListItem\",\"position\":2,\"name\":\"Organisation und Mission\",\"item\":\"https:\\\/\\\/www.museumhogewoerd.nl\\\/de\\\/organisation-und-mission\\\/\"},{\"@type\":\"ListItem\",\"position\":3,\"name\":\"Zugang und Beaufsichtigung\"}]},{\"@type\":\"WebSite\",\"@id\":\"https:\\\/\\\/www.museumhogewoerd.nl\\\/de\\\/#website\",\"url\":\"https:\\\/\\\/www.museumhogewoerd.nl\\\/de\\\/\",\"name\":\"Museum Hoge Woerd\",\"description\":\"Ontdek het pronkstuk het Romeinse schip De Meern 1\",\"potentialAction\":[{\"@type\":\"SearchAction\",\"target\":{\"@type\":\"EntryPoint\",\"urlTemplate\":\"https:\\\/\\\/www.museumhogewoerd.nl\\\/de\\\/?s={search_term_string}\"},\"query-input\":{\"@type\":\"PropertyValueSpecification\",\"valueRequired\":true,\"valueName\":\"search_term_string\"}}],\"inLanguage\":\"de\"}]}<\/script>\n<!-- \/ Yoast SEO plugin. -->","yoast_head_json":{"title":"Zugang und Beaufsichtigung - Museum Hoge Woerd","robots":{"index":"index","follow":"follow","max-snippet":"max-snippet:-1","max-image-preview":"max-image-preview:large","max-video-preview":"max-video-preview:-1"},"canonical":"https:\/\/www.museumhogewoerd.nl\/de\/organisation-und-mission\/zugang-und-beaufsichtigung\/","og_locale":"de_DE","og_type":"article","og_title":"Zugang und Beaufsichtigung - Museum Hoge Woerd","og_description":"[vc_row type=&#8220;1&#8243; margin_top=&#8220;-50px&#8220; padding_top=&#8220;50&#8243; padding_bottom=&#8220;50&#8243;][vc_column][vc_row_inner][vc_column_inner width=&#8220;1\/2&#8243;][vc_column_text] Zugang und Beaufsichtigung [\/vc_column_text][\/vc_column_inner][vc_column_inner width=&#8220;1\/2&#8243;][vc_column_text][\/vc_column_text][\/vc_column_inner][\/vc_row_inner][\/vc_column][\/vc_row][vc_row type=&#8220;2&#8243; padding_top=&#8220;50&#8243; padding_bottom=&#8220;50&#8243;][vc_column width=&#8220;1\/2&#8243;][vc_column_text]Auch dank des Einsatzes vieler Freiwilliger ist das Museum Hoge Woerd in der Lage, den Besuch der st\u00e4ndigen Ausstellungen kostenfrei anzubieten. Damit tr\u00e4gt das Museum zur Mission des Castellum Hoge Woerd bei, ein Ort zu sein, an dem man ohne Ende&hellip;","og_url":"https:\/\/www.museumhogewoerd.nl\/de\/organisation-und-mission\/zugang-und-beaufsichtigung\/","og_site_name":"Museum Hoge Woerd","article_modified_time":"2018-11-12T14:03:56+00:00","twitter_card":"summary_large_image","twitter_misc":{"Gesch\u00e4tzte Lesezeit":"2\u00a0Minuten"},"schema":{"@context":"https:\/\/schema.org","@graph":[{"@type":"WebPage","@id":"https:\/\/www.museumhogewoerd.nl\/de\/organisation-und-mission\/zugang-und-beaufsichtigung\/","url":"https:\/\/www.museumhogewoerd.nl\/de\/organisation-und-mission\/zugang-und-beaufsichtigung\/","name":"Zugang und Beaufsichtigung - Museum Hoge Woerd","isPartOf":{"@id":"https:\/\/www.museumhogewoerd.nl\/de\/#website"},"datePublished":"2018-11-12T09:37:32+00:00","dateModified":"2018-11-12T14:03:56+00:00","breadcrumb":{"@id":"https:\/\/www.museumhogewoerd.nl\/de\/organisation-und-mission\/zugang-und-beaufsichtigung\/#breadcrumb"},"inLanguage":"de","potentialAction":[{"@type":"ReadAction","target":["https:\/\/www.museumhogewoerd.nl\/de\/organisation-und-mission\/zugang-und-beaufsichtigung\/"]}]},{"@type":"BreadcrumbList","@id":"https:\/\/www.museumhogewoerd.nl\/de\/organisation-und-mission\/zugang-und-beaufsichtigung\/#breadcrumb","itemListElement":[{"@type":"ListItem","position":1,"name":"Home","item":"https:\/\/www.museumhogewoerd.nl\/de\/"},{"@type":"ListItem","position":2,"name":"Organisation und Mission","item":"https:\/\/www.museumhogewoerd.nl\/de\/organisation-und-mission\/"},{"@type":"ListItem","position":3,"name":"Zugang und Beaufsichtigung"}]},{"@type":"WebSite","@id":"https:\/\/www.museumhogewoerd.nl\/de\/#website","url":"https:\/\/www.museumhogewoerd.nl\/de\/","name":"Museum Hoge Woerd","description":"Ontdek het pronkstuk het Romeinse schip De Meern 1","potentialAction":[{"@type":"SearchAction","target":{"@type":"EntryPoint","urlTemplate":"https:\/\/www.museumhogewoerd.nl\/de\/?s={search_term_string}"},"query-input":{"@type":"PropertyValueSpecification","valueRequired":true,"valueName":"search_term_string"}}],"inLanguage":"de"}]}},"publishpress_future_workflow_manual_trigger":{"enabledWorkflows":[]},"_links":{"self":[{"href":"https:\/\/www.museumhogewoerd.nl\/de\/wp-json\/wp\/v2\/pages\/5427","targetHints":{"allow":["GET"]}}],"collection":[{"href":"https:\/\/www.museumhogewoerd.nl\/de\/wp-json\/wp\/v2\/pages"}],"about":[{"href":"https:\/\/www.museumhogewoerd.nl\/de\/wp-json\/wp\/v2\/types\/page"}],"author":[{"embeddable":true,"href":"https:\/\/www.museumhogewoerd.nl\/de\/wp-json\/wp\/v2\/users\/6"}],"replies":[{"embeddable":true,"href":"https:\/\/www.museumhogewoerd.nl\/de\/wp-json\/wp\/v2\/comments?post=5427"}],"version-history":[{"count":0,"href":"https:\/\/www.museumhogewoerd.nl\/de\/wp-json\/wp\/v2\/pages\/5427\/revisions"}],"up":[{"embeddable":true,"href":"https:\/\/www.museumhogewoerd.nl\/de\/wp-json\/wp\/v2\/pages\/5425"}],"wp:attachment":[{"href":"https:\/\/www.museumhogewoerd.nl\/de\/wp-json\/wp\/v2\/media?parent=5427"}],"curies":[{"name":"wp","href":"https:\/\/api.w.org\/{rel}","templated":true}]}}