{"id":5431,"date":"2016-02-03T04:08:41","date_gmt":"2016-02-03T04:08:41","guid":{"rendered":"https:\/\/www.museumhogewoerd.nl\/?page_id=5431"},"modified":"2024-10-26T20:44:23","modified_gmt":"2024-10-26T18:44:23","slug":"homepage-2-2","status":"publish","type":"page","link":"https:\/\/www.museumhogewoerd.nl\/de\/","title":{"rendered":"Homepage"},"content":{"rendered":"<div class=\"wpb-content-wrapper\"><p>[vc_row type=&#8220;vc_default&#8220; full_width=&#8220;stretch_row_content&#8220; margin_top=&#8220;-140px&#8220; css=&#8220;.vc_custom_1542724497650{margin-top: -65px !important;}&#8220;][vc_column css=&#8220;.vc_custom_1542891165360{padding-right: 0px !important;padding-left: 0px !important;}&#8220;][layerslider_vc id=&#8220;8&#8243;][\/vc_column][\/vc_row][vc_row el_class=&#8220;home-uitgelicht&#8220;][vc_column width=&#8220;1\/3&#8243;][vc_column_text]<\/p>\n<h3>museuM Hoge Woerd<\/h3>\n<p>Das Arch\u00e4ologiemuseum von Utrecht befindet sich im r\u00f6mischen Fort namens Castellum Hoge Woerd. Hier k\u00f6nnen Sie das 2000 Jahre alte r\u00f6mische Schiff mit seiner vollst\u00e4ndigen Einrichtung bewundern, Sie k\u00f6nnen die Mauern des imposanten Forts erklimmen und Sie k\u00f6nnen durch die Geschichte der Menschheit und der Landschaft reisen.<\/p>\n<p>Neugierig auf unser Museum? Schauen Sie sich unsere <a href=\"https:\/\/www.museumhogewoerd.nl\/thuismuseum\/\" target=\"_blank\" rel=\"noopener\">Online-Tour<\/a> an (nur auf Niederl\u00e4ndisch).[\/vc_column_text][\/vc_column][vc_column width=&#8220;1\/3&#8243;]<div class=\"shortcode-banner shortcode-banner-link\" style=\"min-height: 250px;background-image: url(https:\/\/www.museumhogewoerd.nl\/wp-content\/uploads\/2021\/07\/8-Castellum-Hoge-Woerd_Gemeente-Utrecht-scaled.jpg)\" onclick=\"window.location.href='https:\/\/www.museumhogewoerd.nl\/plan-je-bezoek\/nieuws\/';\"><div class=\"shortcode-banner-bg wf-table\" style=\"padding: 0px;min-height: 250px\"><div class=\"shortcode-banner-inside wf-table text-big\" style=\"background-color: rgb(255,255,255);background-color: rgba(255,255,255,0.01);border: solid 15px transparent;outline: solid 0px;outline-color: rgba(255,255,255,0.01);height: 235px\"><div><h3>NACHRICHTEN<\/h3>\n<\/div><\/div><\/div><\/div>[vc_column_text]M\u00f6chten Sie wissen, was es Neues in unserem Museum gibt? Klicken Sie <a href=\"https:\/\/www.museumhogewoerd.nl\/plan-je-bezoek\/nieuws\/\">hier<\/a>, um mehr zu erfahren (Aktuelle Meldungen sind derzeit nur auf Niederl\u00e4ndisch verf\u00fcgbar).[\/vc_column_text][\/vc_column][vc_column width=&#8220;1\/3&#8243;]<div class=\"shortcode-banner shortcode-banner-link\" style=\"min-height: 250px;background-image: url(https:\/\/www.museumhogewoerd.nl\/wp-content\/uploads\/2021\/07\/8-Castellum-Hoge-Woerd_Gemeente-Utrecht-scaled.jpg)\" onclick=\"window.location.href='https:\/\/www.museumhogewoerd.nl\/aanbod\/';\"><div class=\"shortcode-banner-bg wf-table\" style=\"padding: 0px;min-height: 250px\"><div class=\"shortcode-banner-inside wf-table text-big\" style=\"background-color: rgb(255,255,255);background-color: rgba(255,255,255,0.01);border: solid 15px transparent;outline: solid 0px;outline-color: #ffffff;height: 235px\"><div><h3>ANGEBOT<\/h3>\n<\/div><\/div><\/div><\/div>[vc_column_text]Haben Sie schon immer mehr \u00fcber eine r\u00f6mische Garnison direkt am ehemaligen Limes des R\u00f6mischen Reiches erfahren wollen? Sie k\u00f6nnen jetzt die Sch\u00e4tze unseres Museums entdecken bei einer gef\u00fchrten Tour, unseren Audiof\u00fchrungen oder einer unserer anderen Aktivit\u00e4ten. Leider bieten wir diese Seite noch nicht auf Englisch an. Wenn Sie mehr erfahren m\u00f6chten, senden Sie bitte eine E-Mail an balie@castellumhogewoerd.nl.[\/vc_column_text][\/vc_column][\/vc_row]<\/p>\n<\/div>","protected":false},"excerpt":{"rendered":"<p>[vc_row type=&#8220;vc_default&#8220; full_width=&#8220;stretch_row_content&#8220; margin_top=&#8220;-140px&#8220; css=&#8220;.vc_custom_1542724497650{margin-top: -65px !important;}&#8220;][vc_column css=&#8220;.vc_custom_1542891165360{padding-right: 0px !important;padding-left: 0px !important;}&#8220;][layerslider_vc id=&#8220;8&#8243;][\/vc_column][\/vc_row][vc_row el_class=&#8220;home-uitgelicht&#8220;][vc_column width=&#8220;1\/3&#8243;][vc_column_text] museuM Hoge Woerd Das Arch\u00e4ologiemuseum von Utrecht befindet sich im r\u00f6mischen Fort namens Castellum Hoge Woerd. Hier k\u00f6nnen Sie das 2000 Jahre alte r\u00f6mische Schiff mit seiner vollst\u00e4ndigen Einrichtung bewundern, Sie k\u00f6nnen die Mauern des imposanten Forts erklimmen und Sie&hellip;<\/p>\n","protected":false},"author":6,"featured_media":0,"parent":0,"menu_order":16,"comment_status":"closed","ping_status":"open","template":"","meta":{"_acf_changed":false},"class_list":["post-5431","page","type-page","status-publish","hentry","description-off"],"acf":[],"yoast_head":"<!-- This site is optimized with the Yoast SEO plugin v27.4 - https:\/\/yoast.com\/product\/yoast-seo-wordpress\/ -->\n<title>Homepage - Museum Hoge Woerd<\/title>\n<meta name=\"robots\" content=\"index, follow, max-snippet:-1, max-image-preview:large, max-video-preview:-1\" \/>\n<link rel=\"canonical\" href=\"https:\/\/www.museumhogewoerd.nl\/de\/\" \/>\n<meta property=\"og:locale\" content=\"de_DE\" \/>\n<meta property=\"og:type\" content=\"article\" \/>\n<meta property=\"og:title\" content=\"Homepage - Museum Hoge Woerd\" \/>\n<meta property=\"og:description\" content=\"[vc_row type=&#8220;vc_default&#8220; full_width=&#8220;stretch_row_content&#8220; margin_top=&#8220;-140px&#8220; css=&#8220;.vc_custom_1542724497650{margin-top: -65px !important;}&#8220;][vc_column css=&#8220;.vc_custom_1542891165360{padding-right: 0px !important;padding-left: 0px !important;}&#8220;][layerslider_vc id=&#8220;8&#8243;][\/vc_column][\/vc_row][vc_row el_class=&#8220;home-uitgelicht&#8220;][vc_column width=&#8220;1\/3&#8243;][vc_column_text] museuM Hoge Woerd Das Arch\u00e4ologiemuseum von Utrecht befindet sich im r\u00f6mischen Fort namens Castellum Hoge Woerd. Hier k\u00f6nnen Sie das 2000 Jahre alte r\u00f6mische Schiff mit seiner vollst\u00e4ndigen Einrichtung bewundern, Sie k\u00f6nnen die Mauern des imposanten Forts erklimmen und Sie&hellip;\" \/>\n<meta property=\"og:url\" content=\"https:\/\/www.museumhogewoerd.nl\/de\/\" \/>\n<meta property=\"og:site_name\" content=\"Museum Hoge Woerd\" \/>\n<meta property=\"article:modified_time\" content=\"2024-10-26T18:44:23+00:00\" \/>\n<meta name=\"twitter:card\" content=\"summary_large_image\" \/>\n<meta name=\"twitter:label1\" content=\"Gesch\u00e4tzte Lesezeit\" \/>\n\t<meta name=\"twitter:data1\" content=\"2\u00a0Minuten\" \/>\n<script type=\"application\/ld+json\" class=\"yoast-schema-graph\">{\"@context\":\"https:\\\/\\\/schema.org\",\"@graph\":[{\"@type\":\"WebPage\",\"@id\":\"https:\\\/\\\/www.museumhogewoerd.nl\\\/de\\\/\",\"url\":\"https:\\\/\\\/www.museumhogewoerd.nl\\\/de\\\/\",\"name\":\"Homepage - Museum Hoge Woerd\",\"isPartOf\":{\"@id\":\"https:\\\/\\\/www.museumhogewoerd.nl\\\/de\\\/#website\"},\"datePublished\":\"2016-02-03T04:08:41+00:00\",\"dateModified\":\"2024-10-26T18:44:23+00:00\",\"breadcrumb\":{\"@id\":\"https:\\\/\\\/www.museumhogewoerd.nl\\\/de\\\/#breadcrumb\"},\"inLanguage\":\"de\",\"potentialAction\":[{\"@type\":\"ReadAction\",\"target\":[\"https:\\\/\\\/www.museumhogewoerd.nl\\\/de\\\/\"]}]},{\"@type\":\"BreadcrumbList\",\"@id\":\"https:\\\/\\\/www.museumhogewoerd.nl\\\/de\\\/#breadcrumb\",\"itemListElement\":[{\"@type\":\"ListItem\",\"position\":1,\"name\":\"Home\",\"item\":\"https:\\\/\\\/www.museumhogewoerd.nl\\\/de\\\/\"},{\"@type\":\"ListItem\",\"position\":2,\"name\":\"Homepage\"}]},{\"@type\":\"WebSite\",\"@id\":\"https:\\\/\\\/www.museumhogewoerd.nl\\\/de\\\/#website\",\"url\":\"https:\\\/\\\/www.museumhogewoerd.nl\\\/de\\\/\",\"name\":\"Museum Hoge Woerd\",\"description\":\"Ontdek het pronkstuk het Romeinse schip De Meern 1\",\"potentialAction\":[{\"@type\":\"SearchAction\",\"target\":{\"@type\":\"EntryPoint\",\"urlTemplate\":\"https:\\\/\\\/www.museumhogewoerd.nl\\\/de\\\/?s={search_term_string}\"},\"query-input\":{\"@type\":\"PropertyValueSpecification\",\"valueRequired\":true,\"valueName\":\"search_term_string\"}}],\"inLanguage\":\"de\"}]}<\/script>\n<!-- \/ Yoast SEO plugin. -->","yoast_head_json":{"title":"Homepage - Museum Hoge Woerd","robots":{"index":"index","follow":"follow","max-snippet":"max-snippet:-1","max-image-preview":"max-image-preview:large","max-video-preview":"max-video-preview:-1"},"canonical":"https:\/\/www.museumhogewoerd.nl\/de\/","og_locale":"de_DE","og_type":"article","og_title":"Homepage - Museum Hoge Woerd","og_description":"[vc_row type=&#8220;vc_default&#8220; full_width=&#8220;stretch_row_content&#8220; margin_top=&#8220;-140px&#8220; css=&#8220;.vc_custom_1542724497650{margin-top: -65px !important;}&#8220;][vc_column css=&#8220;.vc_custom_1542891165360{padding-right: 0px !important;padding-left: 0px !important;}&#8220;][layerslider_vc id=&#8220;8&#8243;][\/vc_column][\/vc_row][vc_row el_class=&#8220;home-uitgelicht&#8220;][vc_column width=&#8220;1\/3&#8243;][vc_column_text] museuM Hoge Woerd Das Arch\u00e4ologiemuseum von Utrecht befindet sich im r\u00f6mischen Fort namens Castellum Hoge Woerd. Hier k\u00f6nnen Sie das 2000 Jahre alte r\u00f6mische Schiff mit seiner vollst\u00e4ndigen Einrichtung bewundern, Sie k\u00f6nnen die Mauern des imposanten Forts erklimmen und Sie&hellip;","og_url":"https:\/\/www.museumhogewoerd.nl\/de\/","og_site_name":"Museum Hoge Woerd","article_modified_time":"2024-10-26T18:44:23+00:00","twitter_card":"summary_large_image","twitter_misc":{"Gesch\u00e4tzte Lesezeit":"2\u00a0Minuten"},"schema":{"@context":"https:\/\/schema.org","@graph":[{"@type":"WebPage","@id":"https:\/\/www.museumhogewoerd.nl\/de\/","url":"https:\/\/www.museumhogewoerd.nl\/de\/","name":"Homepage - Museum Hoge Woerd","isPartOf":{"@id":"https:\/\/www.museumhogewoerd.nl\/de\/#website"},"datePublished":"2016-02-03T04:08:41+00:00","dateModified":"2024-10-26T18:44:23+00:00","breadcrumb":{"@id":"https:\/\/www.museumhogewoerd.nl\/de\/#breadcrumb"},"inLanguage":"de","potentialAction":[{"@type":"ReadAction","target":["https:\/\/www.museumhogewoerd.nl\/de\/"]}]},{"@type":"BreadcrumbList","@id":"https:\/\/www.museumhogewoerd.nl\/de\/#breadcrumb","itemListElement":[{"@type":"ListItem","position":1,"name":"Home","item":"https:\/\/www.museumhogewoerd.nl\/de\/"},{"@type":"ListItem","position":2,"name":"Homepage"}]},{"@type":"WebSite","@id":"https:\/\/www.museumhogewoerd.nl\/de\/#website","url":"https:\/\/www.museumhogewoerd.nl\/de\/","name":"Museum Hoge Woerd","description":"Ontdek het pronkstuk het Romeinse schip De Meern 1","potentialAction":[{"@type":"SearchAction","target":{"@type":"EntryPoint","urlTemplate":"https:\/\/www.museumhogewoerd.nl\/de\/?s={search_term_string}"},"query-input":{"@type":"PropertyValueSpecification","valueRequired":true,"valueName":"search_term_string"}}],"inLanguage":"de"}]}},"publishpress_future_workflow_manual_trigger":{"enabledWorkflows":[]},"_links":{"self":[{"href":"https:\/\/www.museumhogewoerd.nl\/de\/wp-json\/wp\/v2\/pages\/5431","targetHints":{"allow":["GET"]}}],"collection":[{"href":"https:\/\/www.museumhogewoerd.nl\/de\/wp-json\/wp\/v2\/pages"}],"about":[{"href":"https:\/\/www.museumhogewoerd.nl\/de\/wp-json\/wp\/v2\/types\/page"}],"author":[{"embeddable":true,"href":"https:\/\/www.museumhogewoerd.nl\/de\/wp-json\/wp\/v2\/users\/6"}],"replies":[{"embeddable":true,"href":"https:\/\/www.museumhogewoerd.nl\/de\/wp-json\/wp\/v2\/comments?post=5431"}],"version-history":[{"count":5,"href":"https:\/\/www.museumhogewoerd.nl\/de\/wp-json\/wp\/v2\/pages\/5431\/revisions"}],"predecessor-version":[{"id":32272,"href":"https:\/\/www.museumhogewoerd.nl\/de\/wp-json\/wp\/v2\/pages\/5431\/revisions\/32272"}],"wp:attachment":[{"href":"https:\/\/www.museumhogewoerd.nl\/de\/wp-json\/wp\/v2\/media?parent=5431"}],"curies":[{"name":"wp","href":"https:\/\/api.w.org\/{rel}","templated":true}]}}