{"id":5433,"date":"2018-11-12T10:42:57","date_gmt":"2018-11-12T09:42:57","guid":{"rendered":"https:\/\/www.museumhogewoerd.nl\/?page_id=5433"},"modified":"2018-11-12T10:42:57","modified_gmt":"2018-11-12T09:42:57","slug":"unterstuetzen-sie-das-museum","status":"publish","type":"page","link":"https:\/\/www.museumhogewoerd.nl\/de\/organisation-und-mission\/unterstuetzen-sie-das-museum\/","title":{"rendered":"Unterst\u00fctzen sie das Museum"},"content":{"rendered":"<div class=\"wpb-content-wrapper\"><p>[vc_row type=&#8220;1&#8243; margin_top=&#8220;-50px&#8220; padding_top=&#8220;50&#8243; padding_bottom=&#8220;50&#8243;][vc_column][vc_row_inner][vc_column_inner width=&#8220;1\/2&#8243;][vc_column_text]<\/p>\n<h1>Unterst\u00fctzen sie das Museum<\/h1>\n<p>[\/vc_column_text][\/vc_column_inner][vc_column_inner width=&#8220;1\/2&#8243;][vc_column_text][\/vc_column_text][\/vc_column_inner][\/vc_row_inner][\/vc_column][\/vc_row][vc_row type=&#8220;2&#8243; padding_top=&#8220;50&#8243; padding_bottom=&#8220;50&#8243;][vc_column width=&#8220;1\/2&#8243;][vc_column_text]Das Museum Hoge Woerd verwaltet die Museumssammlung und -pr\u00e4sentation im Castellum Hoge Woerd. Auch entwickelt und betreut das Museum, gelegentlich in Zusammenarbeit mit anderen Parteien, die Programmplanung und das dazugeh\u00f6rige Bildungsangebot. Das Museum Hoge Woerd verf\u00fcgt dazu \u00fcber einen kompakten Personalstab und einen gro\u00dfen Bestand an aktiven Freiwilligen. Auch dank ihres Einsatzes ist es m\u00f6glich, den Besuch der st\u00e4ndigen Ausstellungen kostenfrei anzubieten.[\/vc_column_text][\/vc_column][vc_column width=&#8220;1\/2&#8243;][vc_column_text]Der Unterhalt der Sammlung und der Pr\u00e4sentation kostet jedes Jahr viel Geld. Vor allem in und um das r\u00f6mische Schiff m\u00f6chte das Museum noch eine Reihe von Verbesserungen durchf\u00fchren. Mit einem freiwilligen Beitrag von 3 \u20ac tragen Sie aktiv zur Instandhaltung dieses einzigartigen Kulturschatzes wie auch der anderen Ausstellungsbereiche bei. Am Informationsschalter des Castellum Hoge Woerd k\u00f6nnen Sie am Geldautomaten oder direkt in unsere Spendendose einen freiwilligen Beitrag f\u00fcr das Museum entrichten.[\/vc_column_text][\/vc_column][\/vc_row]<\/p>\n<\/div>","protected":false},"excerpt":{"rendered":"<p>[vc_row type=&#8220;1&#8243; margin_top=&#8220;-50px&#8220; padding_top=&#8220;50&#8243; padding_bottom=&#8220;50&#8243;][vc_column][vc_row_inner][vc_column_inner width=&#8220;1\/2&#8243;][vc_column_text] Unterst\u00fctzen sie das Museum [\/vc_column_text][\/vc_column_inner][vc_column_inner width=&#8220;1\/2&#8243;][vc_column_text][\/vc_column_text][\/vc_column_inner][\/vc_row_inner][\/vc_column][\/vc_row][vc_row type=&#8220;2&#8243; padding_top=&#8220;50&#8243; padding_bottom=&#8220;50&#8243;][vc_column width=&#8220;1\/2&#8243;][vc_column_text]Das Museum Hoge Woerd verwaltet die Museumssammlung und -pr\u00e4sentation im Castellum Hoge Woerd. Auch entwickelt und betreut das Museum, gelegentlich in Zusammenarbeit mit anderen Parteien, die Programmplanung und das dazugeh\u00f6rige Bildungsangebot. Das Museum Hoge Woerd verf\u00fcgt dazu \u00fcber einen kompakten&hellip;<\/p>\n","protected":false},"author":6,"featured_media":0,"parent":5425,"menu_order":2,"comment_status":"closed","ping_status":"closed","template":"","meta":{"_acf_changed":false},"class_list":["post-5433","page","type-page","status-publish","hentry","description-off"],"acf":[],"yoast_head":"<!-- This site is optimized with the Yoast SEO plugin v27.4 - https:\/\/yoast.com\/product\/yoast-seo-wordpress\/ -->\n<title>Unterst\u00fctzen sie das Museum - Museum Hoge Woerd<\/title>\n<meta name=\"robots\" content=\"index, follow, max-snippet:-1, max-image-preview:large, max-video-preview:-1\" \/>\n<link rel=\"canonical\" href=\"https:\/\/www.museumhogewoerd.nl\/de\/organisation-und-mission\/unterstuetzen-sie-das-museum\/\" \/>\n<meta property=\"og:locale\" content=\"de_DE\" \/>\n<meta property=\"og:type\" content=\"article\" \/>\n<meta property=\"og:title\" content=\"Unterst\u00fctzen sie das Museum - Museum Hoge Woerd\" \/>\n<meta property=\"og:description\" content=\"[vc_row type=&#8220;1&#8243; margin_top=&#8220;-50px&#8220; padding_top=&#8220;50&#8243; padding_bottom=&#8220;50&#8243;][vc_column][vc_row_inner][vc_column_inner width=&#8220;1\/2&#8243;][vc_column_text] Unterst\u00fctzen sie das Museum [\/vc_column_text][\/vc_column_inner][vc_column_inner width=&#8220;1\/2&#8243;][vc_column_text][\/vc_column_text][\/vc_column_inner][\/vc_row_inner][\/vc_column][\/vc_row][vc_row type=&#8220;2&#8243; padding_top=&#8220;50&#8243; padding_bottom=&#8220;50&#8243;][vc_column width=&#8220;1\/2&#8243;][vc_column_text]Das Museum Hoge Woerd verwaltet die Museumssammlung und -pr\u00e4sentation im Castellum Hoge Woerd. Auch entwickelt und betreut das Museum, gelegentlich in Zusammenarbeit mit anderen Parteien, die Programmplanung und das dazugeh\u00f6rige Bildungsangebot. Das Museum Hoge Woerd verf\u00fcgt dazu \u00fcber einen kompakten&hellip;\" \/>\n<meta property=\"og:url\" content=\"https:\/\/www.museumhogewoerd.nl\/de\/organisation-und-mission\/unterstuetzen-sie-das-museum\/\" \/>\n<meta property=\"og:site_name\" content=\"Museum Hoge Woerd\" \/>\n<meta name=\"twitter:card\" content=\"summary_large_image\" \/>\n<meta name=\"twitter:label1\" content=\"Gesch\u00e4tzte Lesezeit\" \/>\n\t<meta name=\"twitter:data1\" content=\"1\u00a0Minute\" \/>\n<script type=\"application\/ld+json\" class=\"yoast-schema-graph\">{\"@context\":\"https:\\\/\\\/schema.org\",\"@graph\":[{\"@type\":\"WebPage\",\"@id\":\"https:\\\/\\\/www.museumhogewoerd.nl\\\/de\\\/organisation-und-mission\\\/unterstuetzen-sie-das-museum\\\/\",\"url\":\"https:\\\/\\\/www.museumhogewoerd.nl\\\/de\\\/organisation-und-mission\\\/unterstuetzen-sie-das-museum\\\/\",\"name\":\"Unterst\u00fctzen sie das Museum - Museum Hoge Woerd\",\"isPartOf\":{\"@id\":\"https:\\\/\\\/www.museumhogewoerd.nl\\\/de\\\/#website\"},\"datePublished\":\"2018-11-12T09:42:57+00:00\",\"breadcrumb\":{\"@id\":\"https:\\\/\\\/www.museumhogewoerd.nl\\\/de\\\/organisation-und-mission\\\/unterstuetzen-sie-das-museum\\\/#breadcrumb\"},\"inLanguage\":\"de\",\"potentialAction\":[{\"@type\":\"ReadAction\",\"target\":[\"https:\\\/\\\/www.museumhogewoerd.nl\\\/de\\\/organisation-und-mission\\\/unterstuetzen-sie-das-museum\\\/\"]}]},{\"@type\":\"BreadcrumbList\",\"@id\":\"https:\\\/\\\/www.museumhogewoerd.nl\\\/de\\\/organisation-und-mission\\\/unterstuetzen-sie-das-museum\\\/#breadcrumb\",\"itemListElement\":[{\"@type\":\"ListItem\",\"position\":1,\"name\":\"Home\",\"item\":\"https:\\\/\\\/www.museumhogewoerd.nl\\\/de\\\/\"},{\"@type\":\"ListItem\",\"position\":2,\"name\":\"Organisation und Mission\",\"item\":\"https:\\\/\\\/www.museumhogewoerd.nl\\\/de\\\/organisation-und-mission\\\/\"},{\"@type\":\"ListItem\",\"position\":3,\"name\":\"Unterst\u00fctzen sie das Museum\"}]},{\"@type\":\"WebSite\",\"@id\":\"https:\\\/\\\/www.museumhogewoerd.nl\\\/de\\\/#website\",\"url\":\"https:\\\/\\\/www.museumhogewoerd.nl\\\/de\\\/\",\"name\":\"Museum Hoge Woerd\",\"description\":\"Ontdek het pronkstuk het Romeinse schip De Meern 1\",\"potentialAction\":[{\"@type\":\"SearchAction\",\"target\":{\"@type\":\"EntryPoint\",\"urlTemplate\":\"https:\\\/\\\/www.museumhogewoerd.nl\\\/de\\\/?s={search_term_string}\"},\"query-input\":{\"@type\":\"PropertyValueSpecification\",\"valueRequired\":true,\"valueName\":\"search_term_string\"}}],\"inLanguage\":\"de\"}]}<\/script>\n<!-- \/ Yoast SEO plugin. -->","yoast_head_json":{"title":"Unterst\u00fctzen sie das Museum - Museum Hoge Woerd","robots":{"index":"index","follow":"follow","max-snippet":"max-snippet:-1","max-image-preview":"max-image-preview:large","max-video-preview":"max-video-preview:-1"},"canonical":"https:\/\/www.museumhogewoerd.nl\/de\/organisation-und-mission\/unterstuetzen-sie-das-museum\/","og_locale":"de_DE","og_type":"article","og_title":"Unterst\u00fctzen sie das Museum - Museum Hoge Woerd","og_description":"[vc_row type=&#8220;1&#8243; margin_top=&#8220;-50px&#8220; padding_top=&#8220;50&#8243; padding_bottom=&#8220;50&#8243;][vc_column][vc_row_inner][vc_column_inner width=&#8220;1\/2&#8243;][vc_column_text] Unterst\u00fctzen sie das Museum [\/vc_column_text][\/vc_column_inner][vc_column_inner width=&#8220;1\/2&#8243;][vc_column_text][\/vc_column_text][\/vc_column_inner][\/vc_row_inner][\/vc_column][\/vc_row][vc_row type=&#8220;2&#8243; padding_top=&#8220;50&#8243; padding_bottom=&#8220;50&#8243;][vc_column width=&#8220;1\/2&#8243;][vc_column_text]Das Museum Hoge Woerd verwaltet die Museumssammlung und -pr\u00e4sentation im Castellum Hoge Woerd. Auch entwickelt und betreut das Museum, gelegentlich in Zusammenarbeit mit anderen Parteien, die Programmplanung und das dazugeh\u00f6rige Bildungsangebot. Das Museum Hoge Woerd verf\u00fcgt dazu \u00fcber einen kompakten&hellip;","og_url":"https:\/\/www.museumhogewoerd.nl\/de\/organisation-und-mission\/unterstuetzen-sie-das-museum\/","og_site_name":"Museum Hoge Woerd","twitter_card":"summary_large_image","twitter_misc":{"Gesch\u00e4tzte Lesezeit":"1\u00a0Minute"},"schema":{"@context":"https:\/\/schema.org","@graph":[{"@type":"WebPage","@id":"https:\/\/www.museumhogewoerd.nl\/de\/organisation-und-mission\/unterstuetzen-sie-das-museum\/","url":"https:\/\/www.museumhogewoerd.nl\/de\/organisation-und-mission\/unterstuetzen-sie-das-museum\/","name":"Unterst\u00fctzen sie das Museum - Museum Hoge Woerd","isPartOf":{"@id":"https:\/\/www.museumhogewoerd.nl\/de\/#website"},"datePublished":"2018-11-12T09:42:57+00:00","breadcrumb":{"@id":"https:\/\/www.museumhogewoerd.nl\/de\/organisation-und-mission\/unterstuetzen-sie-das-museum\/#breadcrumb"},"inLanguage":"de","potentialAction":[{"@type":"ReadAction","target":["https:\/\/www.museumhogewoerd.nl\/de\/organisation-und-mission\/unterstuetzen-sie-das-museum\/"]}]},{"@type":"BreadcrumbList","@id":"https:\/\/www.museumhogewoerd.nl\/de\/organisation-und-mission\/unterstuetzen-sie-das-museum\/#breadcrumb","itemListElement":[{"@type":"ListItem","position":1,"name":"Home","item":"https:\/\/www.museumhogewoerd.nl\/de\/"},{"@type":"ListItem","position":2,"name":"Organisation und Mission","item":"https:\/\/www.museumhogewoerd.nl\/de\/organisation-und-mission\/"},{"@type":"ListItem","position":3,"name":"Unterst\u00fctzen sie das Museum"}]},{"@type":"WebSite","@id":"https:\/\/www.museumhogewoerd.nl\/de\/#website","url":"https:\/\/www.museumhogewoerd.nl\/de\/","name":"Museum Hoge Woerd","description":"Ontdek het pronkstuk het Romeinse schip De Meern 1","potentialAction":[{"@type":"SearchAction","target":{"@type":"EntryPoint","urlTemplate":"https:\/\/www.museumhogewoerd.nl\/de\/?s={search_term_string}"},"query-input":{"@type":"PropertyValueSpecification","valueRequired":true,"valueName":"search_term_string"}}],"inLanguage":"de"}]}},"publishpress_future_workflow_manual_trigger":{"enabledWorkflows":[]},"_links":{"self":[{"href":"https:\/\/www.museumhogewoerd.nl\/de\/wp-json\/wp\/v2\/pages\/5433","targetHints":{"allow":["GET"]}}],"collection":[{"href":"https:\/\/www.museumhogewoerd.nl\/de\/wp-json\/wp\/v2\/pages"}],"about":[{"href":"https:\/\/www.museumhogewoerd.nl\/de\/wp-json\/wp\/v2\/types\/page"}],"author":[{"embeddable":true,"href":"https:\/\/www.museumhogewoerd.nl\/de\/wp-json\/wp\/v2\/users\/6"}],"replies":[{"embeddable":true,"href":"https:\/\/www.museumhogewoerd.nl\/de\/wp-json\/wp\/v2\/comments?post=5433"}],"version-history":[{"count":0,"href":"https:\/\/www.museumhogewoerd.nl\/de\/wp-json\/wp\/v2\/pages\/5433\/revisions"}],"up":[{"embeddable":true,"href":"https:\/\/www.museumhogewoerd.nl\/de\/wp-json\/wp\/v2\/pages\/5425"}],"wp:attachment":[{"href":"https:\/\/www.museumhogewoerd.nl\/de\/wp-json\/wp\/v2\/media?parent=5433"}],"curies":[{"name":"wp","href":"https:\/\/api.w.org\/{rel}","templated":true}]}}