{"id":5450,"date":"2018-11-12T10:46:14","date_gmt":"2018-11-12T09:46:14","guid":{"rendered":"https:\/\/www.museumhogewoerd.nl\/?page_id=5450"},"modified":"2018-11-12T11:04:50","modified_gmt":"2018-11-12T10:04:50","slug":"adresse-und-route","status":"publish","type":"page","link":"https:\/\/www.museumhogewoerd.nl\/de\/ihr-besuch\/adresse-und-route\/","title":{"rendered":"Adresse und Route"},"content":{"rendered":"<div class=\"wpb-content-wrapper\"><p>[vc_row type=&#8220;1&#8243; margin_top=&#8220;-50px&#8220; padding_top=&#8220;50&#8243; padding_bottom=&#8220;50&#8243;][vc_column][vc_row_inner][vc_column_inner width=&#8220;1\/2&#8243;][vc_column_text]<\/p>\n<h1>Adresse und Route<\/h1>\n<p>[\/vc_column_text][\/vc_column_inner][vc_column_inner width=&#8220;1\/2&#8243;][vc_column_text][\/vc_column_text][\/vc_column_inner][\/vc_row_inner][\/vc_column][\/vc_row][vc_row type=&#8220;2&#8243; padding_top=&#8220;50&#8243; padding_bottom=&#8220;50&#8243;][vc_column][vc_column_text]<strong>Adresse<\/strong><\/p>\n<p>Die Adresse des Castellum Hoge Woerd lautet Hoge Woerdplein 1 3454 PB De Meern. Diese Adresse ist jedoch so neu, dass sie noch nicht in allen Navigationssystemen enthalten ist. Geben Sie dann Groenedijk 1a De Meern ein.<\/p>\n<p><a href=\"https:\/\/www.google.nl\/maps\/dir\/\/Castellum+Hoge+Woerd,+Woerdlaan+1\/@52.0878905,5.0423109,17z\/data=%214m13%211m4%213m3%211s0x47c66ff9dc562079:0x1b70e0f935322528%212sCastellum+Hoge+Woerd%213b1%214m7%211m0%211m5%211m1%211s0x47c66ff9dc562079:0x1b70e0f935322528%212m2%211d5.042164%212d52.087335\" target=\"_blank\" rel=\"noopener noreferrer\">Google Maps<br \/>\n<\/a><strong><a href=\"https:\/\/www.castellumhogewoerd.nl\/wp-content\/uploads\/2017\/01\/Routebeschrijving-Castellum-Hoge-Woerd.pdf\" target=\"_blank\" rel=\"noopener noreferrer\">Laden Sie hier eine ausf\u00fchrliche Routenbeschreibung herunter.<\/a><\/strong><\/p>\n<p><strong>Mit dem Fahrrad<br \/>\n<\/strong>Castellum Hoge Woerd ist mit dem Fahrrad hervorragend zu erreichen. Castellum liegt im Herzen von Leidsche Rijn und ist auf verschiedenen Hauptfahrradrouten zu erreichen. Zudem liegt Castellum an Het Lint, sodass es von Vleuten aus schnell und bequem mit dem Fahrrad zu erreichen ist. Fahrradabstellpl\u00e4tze sind in ausreichender Zahl vorhanden. F\u00fcr eventuelle Pechv\u00f6gel halten wir auch einen Reifenreparaturset bereit. Wir verf\u00fcgen noch nicht \u00fcber eine Fahrrad-Ladestation, aber daran wird gearbeitet.<\/p>\n<p><em>Aus Richtung Utrecht-Zentrum\/-Nordost\/-Nordwest:<\/em><br \/>\nSie fahren von der Stadtmitte Utrechts und den n\u00f6rdlichen Stadtteilen aus \u00fcber den Vleutenseweg nach Leidsche Rijn (Gelbe Br\u00fccke). Folgen Sie weiter dem Radweg Leidsche Rijn vorbei am Cinemec und fahren Sie dann entlang der Busspur Parkwijk (+\/- 1,5 km). Folgen Sie der Kurve nach links auf dem Radweg; Sie kreuzen den Groenedijk. Biegen Sie an der Ampel nach rechts auf den Groenedijk ab und folgen Sie diesem bis zum Castellum Hoge Woerd. Auf der rechten Seite des Vorplatzes finden Sie die Fahrradabstellpl\u00e4tze.<\/p>\n<p><em>Aus Richtung Utrecht-S\u00fcd:<\/em><br \/>\nVon Utrecht-S\u00fcd aus fahren Sie die Dominee Martin Luther Kinglaan entlang und \u00fcberqueren auf der Meernbr\u00fccke den Amsterdam-Rhein-Kanal. Folgen Sie dem Radweg \u00fcber das Dach des A2-Tunnels. Auf der H\u00f6he von Hogeweide biegen Sie nach links ab und \u00fcberqueren an der Ampel die Stadsbaan. Bleiben Sie 400 Meter auf dem Radweg und biegen Sie dann nach rechts auf den Groenedijk ab. Diesem Radweg k\u00f6nnen Sie bis zum Castellum Hoge Woerd folgen. Auf der rechten Seite des Vorplatzes finden Sie die Fahrradabstellpl\u00e4tze.<\/p>\n<p><strong>Mit dem Auto<br \/>\n<\/strong>Castellum Hoge Woerd ist auch mit dem Auto zu erreichen; folgen Sie dazu den braunen Schildern \u201eCastellum\u201c. M\u00f6glicherweise kennt Ihr Navigationssystem unsere brandneue Adresse (Hoge Woerdplein 1, De Meern) noch nicht. Verwenden Sie in diesem Fall unsere Navigationsadresse: Groenedijk 1, De Meern.<\/p>\n<p>Das Castellum befindet sich in einem Wohngebiet, und wir m\u00f6chten Sie bitten, darauf R\u00fccksicht zu nehmen. Parken Sie auf den markierten Fl\u00e4chen und achten Sie auf Radfahrer und Wanderer. Der Parkplatz bietet Platz f\u00fcr drei Reisebusse.<\/p>\n<p>Die Route mit dem Auto k\u00f6nnen Sie mit <a href=\"https:\/\/www.google.nl\/maps\/dir\/\/Castellum+Hoge+Woerd,+Woerdlaan+1\/@52.0878905,5.0423109,17z\/data=%214m13%211m4%213m3%211s0x47c66ff9dc562079:0x1b70e0f935322528%212sCastellum+Hoge+Woerd%213b1%214m7%211m0%211m5%211m1%211s0x47c66ff9dc562079:0x1b70e0f935322528%212m2%211d5.042164%212d52.087335\">diesem Link<\/a> ermitteln.<\/p>\n<p><img loading=\"lazy\" decoding=\"async\" class=\"aligncenter wp-image-953 size-full\" src=\"https:\/\/www.castellumhogewoerd.nl\/wp-content\/uploads\/2016\/06\/parkeren_CHW.jpg\" alt=\"parkeren_CHW\" width=\"560\" height=\"560\" \/><\/p>\n<p><strong>\u00d6ffentlicher Nahverkehr<\/strong><br \/>\nCastellum ist mit \u00f6ffentlichen Verkehrsmitteln gut zu erreichen. Bus 4 und Bus 28 halten am Rand des Gel\u00e4ndes (Haltestellen \u201eDe Woerd\u201c und \u201eTweede Westerparklaan\u201c). Beide Busse halten an der Bushaltestelle CS Jaarbeursplein beim Bahnhof Utrecht-Centraal der NS. Au\u00dferdem h\u00e4lt Bus 28 in einer fu\u00dfl\u00e4ufigen Entfernung von 650 Metern vom Castellum (Haltestelle \u201eEerste Westerparklaan\u201c). Diese Buslinie bedient auch den Bahnhof Vleuten der NS.<\/p>\n<p><span lang=\"DE\">Die aktuellen Abfahrts- und Ankunftszeiten finden Sie auf <\/span><a href=\"http:\/\/9292.nl\/\" target=\"_blank\" rel=\"noopener noreferrer\">www.9292.nl<\/a>, <a href=\"http:\/\/www.ns.nl\/\" target=\"_blank\" rel=\"noopener noreferrer\">ns-reisplanner<\/a> or\u00a0<a href=\"http:\/\/u-ov.info\/\" target=\"_Blank\">www.u-ov.info<\/a>.<\/p>\n<p><strong>Menschen mit Behinderung<\/strong><br \/>\nCastellum Hoge Woerd ist ab dem 30. August f\u00fcr Rollstuhlfahrer uneingeschr\u00e4nkt zug\u00e4nglich. Es gibt Behindertenparkpl\u00e4tze, und im Geb\u00e4ude sind Aufz\u00fcge und Behindertentoiletten vorhanden.[\/vc_column_text][\/vc_column][\/vc_row]<\/p>\n<\/div>","protected":false},"excerpt":{"rendered":"<p>[vc_row type=&#8220;1&#8243; margin_top=&#8220;-50px&#8220; padding_top=&#8220;50&#8243; padding_bottom=&#8220;50&#8243;][vc_column][vc_row_inner][vc_column_inner width=&#8220;1\/2&#8243;][vc_column_text] Adresse und Route [\/vc_column_text][\/vc_column_inner][vc_column_inner width=&#8220;1\/2&#8243;][vc_column_text][\/vc_column_text][\/vc_column_inner][\/vc_row_inner][\/vc_column][\/vc_row][vc_row type=&#8220;2&#8243; padding_top=&#8220;50&#8243; padding_bottom=&#8220;50&#8243;][vc_column][vc_column_text]Adresse Die Adresse des Castellum Hoge Woerd lautet Hoge Woerdplein 1 3454 PB De Meern. Diese Adresse ist jedoch so neu, dass sie noch nicht in allen Navigationssystemen enthalten ist. Geben Sie dann Groenedijk 1a De Meern ein. Google Maps Laden Sie&hellip;<\/p>\n","protected":false},"author":6,"featured_media":4900,"parent":5420,"menu_order":4,"comment_status":"closed","ping_status":"closed","template":"","meta":{"_acf_changed":false},"class_list":["post-5450","page","type-page","status-publish","has-post-thumbnail","hentry","description-off"],"acf":[],"yoast_head":"<!-- This site is optimized with the Yoast SEO plugin v27.3 - https:\/\/yoast.com\/product\/yoast-seo-wordpress\/ -->\n<title>Adresse und Route - Museum Hoge Woerd<\/title>\n<meta name=\"robots\" content=\"index, follow, max-snippet:-1, max-image-preview:large, max-video-preview:-1\" \/>\n<link rel=\"canonical\" href=\"https:\/\/www.museumhogewoerd.nl\/de\/ihr-besuch\/adresse-und-route\/\" \/>\n<meta property=\"og:locale\" content=\"de_DE\" \/>\n<meta property=\"og:type\" content=\"article\" \/>\n<meta property=\"og:title\" content=\"Adresse und Route - Museum Hoge Woerd\" \/>\n<meta property=\"og:description\" content=\"[vc_row type=&#8220;1&#8243; margin_top=&#8220;-50px&#8220; padding_top=&#8220;50&#8243; padding_bottom=&#8220;50&#8243;][vc_column][vc_row_inner][vc_column_inner width=&#8220;1\/2&#8243;][vc_column_text] Adresse und Route [\/vc_column_text][\/vc_column_inner][vc_column_inner width=&#8220;1\/2&#8243;][vc_column_text][\/vc_column_text][\/vc_column_inner][\/vc_row_inner][\/vc_column][\/vc_row][vc_row type=&#8220;2&#8243; padding_top=&#8220;50&#8243; padding_bottom=&#8220;50&#8243;][vc_column][vc_column_text]Adresse Die Adresse des Castellum Hoge Woerd lautet Hoge Woerdplein 1 3454 PB De Meern. Diese Adresse ist jedoch so neu, dass sie noch nicht in allen Navigationssystemen enthalten ist. Geben Sie dann Groenedijk 1a De Meern ein. Google Maps Laden Sie&hellip;\" \/>\n<meta property=\"og:url\" content=\"https:\/\/www.museumhogewoerd.nl\/de\/ihr-besuch\/adresse-und-route\/\" \/>\n<meta property=\"og:site_name\" content=\"Museum Hoge Woerd\" \/>\n<meta property=\"article:modified_time\" content=\"2018-11-12T10:04:50+00:00\" \/>\n<meta property=\"og:image\" content=\"https:\/\/www.museumhogewoerd.nl\/wp-content\/uploads\/2016\/02\/MG_8751.jpg\" \/>\n\t<meta property=\"og:image:width\" content=\"1200\" \/>\n\t<meta property=\"og:image:height\" content=\"800\" \/>\n\t<meta property=\"og:image:type\" content=\"image\/jpeg\" \/>\n<meta name=\"twitter:card\" content=\"summary_large_image\" \/>\n<meta name=\"twitter:label1\" content=\"Gesch\u00e4tzte Lesezeit\" \/>\n\t<meta name=\"twitter:data1\" content=\"3\u00a0Minuten\" \/>\n<script type=\"application\/ld+json\" class=\"yoast-schema-graph\">{\"@context\":\"https:\\\/\\\/schema.org\",\"@graph\":[{\"@type\":\"WebPage\",\"@id\":\"https:\\\/\\\/www.museumhogewoerd.nl\\\/de\\\/ihr-besuch\\\/adresse-und-route\\\/\",\"url\":\"https:\\\/\\\/www.museumhogewoerd.nl\\\/de\\\/ihr-besuch\\\/adresse-und-route\\\/\",\"name\":\"Adresse und Route - Museum Hoge Woerd\",\"isPartOf\":{\"@id\":\"https:\\\/\\\/www.museumhogewoerd.nl\\\/de\\\/#website\"},\"primaryImageOfPage\":{\"@id\":\"https:\\\/\\\/www.museumhogewoerd.nl\\\/de\\\/ihr-besuch\\\/adresse-und-route\\\/#primaryimage\"},\"image\":{\"@id\":\"https:\\\/\\\/www.museumhogewoerd.nl\\\/de\\\/ihr-besuch\\\/adresse-und-route\\\/#primaryimage\"},\"thumbnailUrl\":\"https:\\\/\\\/www.museumhogewoerd.nl\\\/wp-content\\\/uploads\\\/2016\\\/02\\\/MG_8751.jpg\",\"datePublished\":\"2018-11-12T09:46:14+00:00\",\"dateModified\":\"2018-11-12T10:04:50+00:00\",\"breadcrumb\":{\"@id\":\"https:\\\/\\\/www.museumhogewoerd.nl\\\/de\\\/ihr-besuch\\\/adresse-und-route\\\/#breadcrumb\"},\"inLanguage\":\"de\",\"potentialAction\":[{\"@type\":\"ReadAction\",\"target\":[\"https:\\\/\\\/www.museumhogewoerd.nl\\\/de\\\/ihr-besuch\\\/adresse-und-route\\\/\"]}]},{\"@type\":\"ImageObject\",\"inLanguage\":\"de\",\"@id\":\"https:\\\/\\\/www.museumhogewoerd.nl\\\/de\\\/ihr-besuch\\\/adresse-und-route\\\/#primaryimage\",\"url\":\"https:\\\/\\\/www.museumhogewoerd.nl\\\/wp-content\\\/uploads\\\/2016\\\/02\\\/MG_8751.jpg\",\"contentUrl\":\"https:\\\/\\\/www.museumhogewoerd.nl\\\/wp-content\\\/uploads\\\/2016\\\/02\\\/MG_8751.jpg\",\"width\":1200,\"height\":800},{\"@type\":\"BreadcrumbList\",\"@id\":\"https:\\\/\\\/www.museumhogewoerd.nl\\\/de\\\/ihr-besuch\\\/adresse-und-route\\\/#breadcrumb\",\"itemListElement\":[{\"@type\":\"ListItem\",\"position\":1,\"name\":\"Home\",\"item\":\"https:\\\/\\\/www.museumhogewoerd.nl\\\/de\\\/\"},{\"@type\":\"ListItem\",\"position\":2,\"name\":\"Ihr Besuch\",\"item\":\"https:\\\/\\\/www.museumhogewoerd.nl\\\/de\\\/ihr-besuch\\\/\"},{\"@type\":\"ListItem\",\"position\":3,\"name\":\"Adresse und Route\"}]},{\"@type\":\"WebSite\",\"@id\":\"https:\\\/\\\/www.museumhogewoerd.nl\\\/de\\\/#website\",\"url\":\"https:\\\/\\\/www.museumhogewoerd.nl\\\/de\\\/\",\"name\":\"Museum Hoge Woerd\",\"description\":\"Ontdek het pronkstuk het Romeinse schip De Meern 1\",\"potentialAction\":[{\"@type\":\"SearchAction\",\"target\":{\"@type\":\"EntryPoint\",\"urlTemplate\":\"https:\\\/\\\/www.museumhogewoerd.nl\\\/de\\\/?s={search_term_string}\"},\"query-input\":{\"@type\":\"PropertyValueSpecification\",\"valueRequired\":true,\"valueName\":\"search_term_string\"}}],\"inLanguage\":\"de\"}]}<\/script>\n<!-- \/ Yoast SEO plugin. -->","yoast_head_json":{"title":"Adresse und Route - Museum Hoge Woerd","robots":{"index":"index","follow":"follow","max-snippet":"max-snippet:-1","max-image-preview":"max-image-preview:large","max-video-preview":"max-video-preview:-1"},"canonical":"https:\/\/www.museumhogewoerd.nl\/de\/ihr-besuch\/adresse-und-route\/","og_locale":"de_DE","og_type":"article","og_title":"Adresse und Route - Museum Hoge Woerd","og_description":"[vc_row type=&#8220;1&#8243; margin_top=&#8220;-50px&#8220; padding_top=&#8220;50&#8243; padding_bottom=&#8220;50&#8243;][vc_column][vc_row_inner][vc_column_inner width=&#8220;1\/2&#8243;][vc_column_text] Adresse und Route [\/vc_column_text][\/vc_column_inner][vc_column_inner width=&#8220;1\/2&#8243;][vc_column_text][\/vc_column_text][\/vc_column_inner][\/vc_row_inner][\/vc_column][\/vc_row][vc_row type=&#8220;2&#8243; padding_top=&#8220;50&#8243; padding_bottom=&#8220;50&#8243;][vc_column][vc_column_text]Adresse Die Adresse des Castellum Hoge Woerd lautet Hoge Woerdplein 1 3454 PB De Meern. Diese Adresse ist jedoch so neu, dass sie noch nicht in allen Navigationssystemen enthalten ist. Geben Sie dann Groenedijk 1a De Meern ein. Google Maps Laden Sie&hellip;","og_url":"https:\/\/www.museumhogewoerd.nl\/de\/ihr-besuch\/adresse-und-route\/","og_site_name":"Museum Hoge Woerd","article_modified_time":"2018-11-12T10:04:50+00:00","og_image":[{"width":1200,"height":800,"url":"https:\/\/www.museumhogewoerd.nl\/wp-content\/uploads\/2016\/02\/MG_8751.jpg","type":"image\/jpeg"}],"twitter_card":"summary_large_image","twitter_misc":{"Gesch\u00e4tzte Lesezeit":"3\u00a0Minuten"},"schema":{"@context":"https:\/\/schema.org","@graph":[{"@type":"WebPage","@id":"https:\/\/www.museumhogewoerd.nl\/de\/ihr-besuch\/adresse-und-route\/","url":"https:\/\/www.museumhogewoerd.nl\/de\/ihr-besuch\/adresse-und-route\/","name":"Adresse und Route - Museum Hoge Woerd","isPartOf":{"@id":"https:\/\/www.museumhogewoerd.nl\/de\/#website"},"primaryImageOfPage":{"@id":"https:\/\/www.museumhogewoerd.nl\/de\/ihr-besuch\/adresse-und-route\/#primaryimage"},"image":{"@id":"https:\/\/www.museumhogewoerd.nl\/de\/ihr-besuch\/adresse-und-route\/#primaryimage"},"thumbnailUrl":"https:\/\/www.museumhogewoerd.nl\/wp-content\/uploads\/2016\/02\/MG_8751.jpg","datePublished":"2018-11-12T09:46:14+00:00","dateModified":"2018-11-12T10:04:50+00:00","breadcrumb":{"@id":"https:\/\/www.museumhogewoerd.nl\/de\/ihr-besuch\/adresse-und-route\/#breadcrumb"},"inLanguage":"de","potentialAction":[{"@type":"ReadAction","target":["https:\/\/www.museumhogewoerd.nl\/de\/ihr-besuch\/adresse-und-route\/"]}]},{"@type":"ImageObject","inLanguage":"de","@id":"https:\/\/www.museumhogewoerd.nl\/de\/ihr-besuch\/adresse-und-route\/#primaryimage","url":"https:\/\/www.museumhogewoerd.nl\/wp-content\/uploads\/2016\/02\/MG_8751.jpg","contentUrl":"https:\/\/www.museumhogewoerd.nl\/wp-content\/uploads\/2016\/02\/MG_8751.jpg","width":1200,"height":800},{"@type":"BreadcrumbList","@id":"https:\/\/www.museumhogewoerd.nl\/de\/ihr-besuch\/adresse-und-route\/#breadcrumb","itemListElement":[{"@type":"ListItem","position":1,"name":"Home","item":"https:\/\/www.museumhogewoerd.nl\/de\/"},{"@type":"ListItem","position":2,"name":"Ihr Besuch","item":"https:\/\/www.museumhogewoerd.nl\/de\/ihr-besuch\/"},{"@type":"ListItem","position":3,"name":"Adresse und Route"}]},{"@type":"WebSite","@id":"https:\/\/www.museumhogewoerd.nl\/de\/#website","url":"https:\/\/www.museumhogewoerd.nl\/de\/","name":"Museum Hoge Woerd","description":"Ontdek het pronkstuk het Romeinse schip De Meern 1","potentialAction":[{"@type":"SearchAction","target":{"@type":"EntryPoint","urlTemplate":"https:\/\/www.museumhogewoerd.nl\/de\/?s={search_term_string}"},"query-input":{"@type":"PropertyValueSpecification","valueRequired":true,"valueName":"search_term_string"}}],"inLanguage":"de"}]}},"publishpress_future_workflow_manual_trigger":{"enabledWorkflows":[]},"_links":{"self":[{"href":"https:\/\/www.museumhogewoerd.nl\/de\/wp-json\/wp\/v2\/pages\/5450","targetHints":{"allow":["GET"]}}],"collection":[{"href":"https:\/\/www.museumhogewoerd.nl\/de\/wp-json\/wp\/v2\/pages"}],"about":[{"href":"https:\/\/www.museumhogewoerd.nl\/de\/wp-json\/wp\/v2\/types\/page"}],"author":[{"embeddable":true,"href":"https:\/\/www.museumhogewoerd.nl\/de\/wp-json\/wp\/v2\/users\/6"}],"replies":[{"embeddable":true,"href":"https:\/\/www.museumhogewoerd.nl\/de\/wp-json\/wp\/v2\/comments?post=5450"}],"version-history":[{"count":0,"href":"https:\/\/www.museumhogewoerd.nl\/de\/wp-json\/wp\/v2\/pages\/5450\/revisions"}],"up":[{"embeddable":true,"href":"https:\/\/www.museumhogewoerd.nl\/de\/wp-json\/wp\/v2\/pages\/5420"}],"wp:featuredmedia":[{"embeddable":true,"href":"https:\/\/www.museumhogewoerd.nl\/de\/wp-json\/wp\/v2\/media\/4900"}],"wp:attachment":[{"href":"https:\/\/www.museumhogewoerd.nl\/de\/wp-json\/wp\/v2\/media?parent=5450"}],"curies":[{"name":"wp","href":"https:\/\/api.w.org\/{rel}","templated":true}]}}